{"id":1023,"date":"2023-12-02T12:19:40","date_gmt":"2023-12-02T12:19:40","guid":{"rendered":"https:\/\/gayatritreasure.com\/?post_type=product&#038;p=1023"},"modified":"2025-04-10T00:16:22","modified_gmt":"2025-04-09T23:16:22","slug":"salavijas","status":"publish","type":"product","link":"https:\/\/gayatritreasure.com\/lt\/produktas\/salavijas\/","title":{"rendered":"Baltasis \u0161alavijas"},"content":{"rendered":"<p><span style=\"font-weight: 400;\">\u0160alavijas turi ilg\u0105 naudojimo istorij\u0105 Egipto, Romos ir Graikijos medicinoje, taip pat Amerikos ind\u0117n\u0173 gydymo tradicijose. D\u017eiovintas \u0161alavijas deginamas, kad gydyt\u0173, apsaugot\u0173, padidint\u0173 i\u0161mint\u012f ir sustiprint\u0173 apsaug\u0105 nuo lig\u0173. \u0160alavijas turi antimikrobini\u0173 savybi\u0173, kurios padeda naikinti bakterijas, virusus ir grybelius, tod\u0117l \u0161alavij\u0173 deginimas laikomas efektyviu b\u016bdu, padedan\u010diu i\u0161valyti nam\u0173 or\u0105 nuo kenksming\u0173 organizm\u0173.<\/span><\/p>\n<p><span style=\"font-weight: 400;\">Papildomos bei alternatyviosios medicinos specialistai teigia, kad \u0161alavijo deginimas pad\u0117s:\u00a0<\/span><\/p>\n<p><span style=\"font-weight: 400;\">Pa\u0161alinti bakterijas i\u0161 oro<\/span><\/p>\n<p><span style=\"font-weight: 400;\">Atbaidyti vabzd\u017eius<\/span><\/p>\n<p><span style=\"font-weight: 400;\">Pagerinti nuotaik\u0105 ir suma\u017einti stres\u0105 bei nerim\u0105<\/span><\/p>\n<p><span style=\"font-weight: 400;\">Pagerinti intuicij\u0105<\/span><\/p>\n<p><span style=\"font-weight: 400;\">I\u0161valyti konkre\u010dius objektus<\/span><\/p>\n<p>&nbsp;<\/p>\n<p><span style=\"font-weight: 400;\">\u0160alavijo deginimas yra\u00a0 naudinga praktika, padedanti sukurti atpalaiduojan\u010di\u0105, maloni\u0105 atmosfer\u0105, kuri gali b\u016bti naudojama kartu su kitomis praktikomis, tokiomis kaip meditacija ar s\u0105moningumas.<\/span><\/p>\n<p>&nbsp;<\/p>\n<p><b>Baltojo \u0161alavijo ry\u0161ul\u0117li\u0173 naudojimas:<\/b><\/p>\n<p><span style=\"font-weight: 400;\">Palaikykite \u0161alavijo ry\u0161ul\u0117lio\u00a0 gal\u0105 vir\u0161 liepsnos kol jis u\u017esidegs. Leiskite dar \u0161iek tiek \u012fsidegti ir u\u017ep\u016bskite liepsn\u0105. \u0160alavijas prad\u0117s smilkti skleisdamas nuostabaus aromato gydomuosius d\u016bmus. Jei norite pasmilkyti daugiau \u0161\u012f proces\u0105 pakartokite.\u00a0<\/span><\/p>\n<p>&nbsp;<\/p>","protected":false},"excerpt":{"rendered":"<p>\u0160alavijas turi ilg\u0105 naudojimo istorij\u0105 Egipto, Romos ir Graikijos medicinoje, taip pat Amerikos ind\u0117n\u0173 gydymo tradicijose. D\u017eiovintas \u0161alavijas deginamas, kad gydyt\u0173, apsaugot\u0173, padidint\u0173 i\u0161mint\u012f ir sustiprint\u0173 apsaug\u0105 nuo lig\u0173. \u0160alavijas<\/p>","protected":false},"featured_media":1124,"comment_status":"open","ping_status":"closed","template":"","meta":{"_monsterinsights_skip_tracking":false,"_monsterinsights_sitenote_active":false,"_monsterinsights_sitenote_note":"","_monsterinsights_sitenote_category":0,"_uf_show_specific_survey":0,"_uf_disable_surveys":false},"product_cat":[105],"product_tag":[],"class_list":{"0":"post-1023","1":"product","2":"type-product","3":"status-publish","4":"has-post-thumbnail","6":"product_cat-sage","8":"first","9":"instock","10":"shipping-taxable","11":"purchasable","12":"product-type-simple"},"yoast_head":"<!-- This site is optimized with the Yoast SEO plugin v27.4 - https:\/\/yoast.com\/product\/yoast-seo-wordpress\/ -->\n<title>Baltasis \u0161alavijas - Gayatri Treasure<\/title>\n<meta name=\"robots\" content=\"index, follow, max-snippet:-1, max-image-preview:large, max-video-preview:-1\" \/>\n<link rel=\"canonical\" href=\"https:\/\/gayatritreasure.com\/lt\/produktas\/salavijas\/\" \/>\n<meta property=\"og:locale\" content=\"lt_LT\" \/>\n<meta property=\"og:type\" content=\"article\" \/>\n<meta property=\"og:title\" content=\"Baltasis \u0161alavijas - Gayatri Treasure\" \/>\n<meta property=\"og:description\" content=\"\u0160alavijas turi ilg\u0105 naudojimo istorij\u0105 Egipto, Romos ir Graikijos medicinoje, taip pat Amerikos ind\u0117n\u0173 gydymo tradicijose. D\u017eiovintas \u0161alavijas deginamas, kad gydyt\u0173, apsaugot\u0173, padidint\u0173 i\u0161mint\u012f ir sustiprint\u0173 apsaug\u0105 nuo lig\u0173. \u0160alavijas\" \/>\n<meta property=\"og:url\" content=\"https:\/\/gayatritreasure.com\/lt\/produktas\/salavijas\/\" \/>\n<meta property=\"og:site_name\" content=\"Gayatri Treasure\" \/>\n<meta property=\"article:modified_time\" content=\"2025-04-09T23:16:22+00:00\" \/>\n<meta property=\"og:image\" content=\"https:\/\/gayatritreasure.com\/wp-content\/uploads\/2023\/12\/salavijas.webp\" \/>\n\t<meta property=\"og:image:width\" content=\"800\" \/>\n\t<meta property=\"og:image:height\" content=\"1000\" \/>\n\t<meta property=\"og:image:type\" content=\"image\/webp\" \/>\n<meta name=\"twitter:card\" content=\"summary_large_image\" \/>\n<meta name=\"twitter:label1\" content=\"Est. reading time\" \/>\n\t<meta name=\"twitter:data1\" content=\"1 minut\u0117\" \/>\n<script type=\"application\/ld+json\" class=\"yoast-schema-graph\">{\"@context\":\"https:\\\/\\\/schema.org\",\"@graph\":[{\"@type\":\"WebPage\",\"@id\":\"https:\\\/\\\/gayatritreasure.com\\\/en_gb\\\/product\\\/salavijas\\\/\",\"url\":\"https:\\\/\\\/gayatritreasure.com\\\/en_gb\\\/product\\\/salavijas\\\/\",\"name\":\"Baltasis \u0161alavijas - Gayatri Treasure\",\"isPartOf\":{\"@id\":\"http:\\\/\\\/gayatritreasure.com\\\/lt\\\/#website\"},\"primaryImageOfPage\":{\"@id\":\"https:\\\/\\\/gayatritreasure.com\\\/en_gb\\\/product\\\/salavijas\\\/#primaryimage\"},\"image\":{\"@id\":\"https:\\\/\\\/gayatritreasure.com\\\/en_gb\\\/product\\\/salavijas\\\/#primaryimage\"},\"thumbnailUrl\":\"https:\\\/\\\/gayatritreasure.com\\\/wp-content\\\/uploads\\\/2023\\\/12\\\/salavijas.webp\",\"datePublished\":\"2023-12-02T12:19:40+00:00\",\"dateModified\":\"2025-04-09T23:16:22+00:00\",\"breadcrumb\":{\"@id\":\"https:\\\/\\\/gayatritreasure.com\\\/en_gb\\\/product\\\/salavijas\\\/#breadcrumb\"},\"inLanguage\":\"lt-LT\",\"potentialAction\":[{\"@type\":\"ReadAction\",\"target\":[\"https:\\\/\\\/gayatritreasure.com\\\/en_gb\\\/product\\\/salavijas\\\/\"]}]},{\"@type\":\"ImageObject\",\"inLanguage\":\"lt-LT\",\"@id\":\"https:\\\/\\\/gayatritreasure.com\\\/en_gb\\\/product\\\/salavijas\\\/#primaryimage\",\"url\":\"https:\\\/\\\/gayatritreasure.com\\\/wp-content\\\/uploads\\\/2023\\\/12\\\/salavijas.webp\",\"contentUrl\":\"https:\\\/\\\/gayatritreasure.com\\\/wp-content\\\/uploads\\\/2023\\\/12\\\/salavijas.webp\",\"width\":800,\"height\":1000},{\"@type\":\"BreadcrumbList\",\"@id\":\"https:\\\/\\\/gayatritreasure.com\\\/en_gb\\\/product\\\/salavijas\\\/#breadcrumb\",\"itemListElement\":[{\"@type\":\"ListItem\",\"position\":1,\"name\":\"Home\",\"item\":\"http:\\\/\\\/gayatritreasure.com\\\/lt\\\/\"},{\"@type\":\"ListItem\",\"position\":2,\"name\":\"Shop\",\"item\":\"http:\\\/\\\/gayatritreasure.com\\\/en_gb\\\/shop\\\/\"},{\"@type\":\"ListItem\",\"position\":3,\"name\":\"Baltasis \u0161alavijas\"}]},{\"@type\":\"WebSite\",\"@id\":\"http:\\\/\\\/gayatritreasure.com\\\/lt\\\/#website\",\"url\":\"http:\\\/\\\/gayatritreasure.com\\\/lt\\\/\",\"name\":\"Gayatri Treasure\",\"description\":\"\",\"potentialAction\":[{\"@type\":\"SearchAction\",\"target\":{\"@type\":\"EntryPoint\",\"urlTemplate\":\"http:\\\/\\\/gayatritreasure.com\\\/lt\\\/?s={search_term_string}\"},\"query-input\":{\"@type\":\"PropertyValueSpecification\",\"valueRequired\":true,\"valueName\":\"search_term_string\"}}],\"inLanguage\":\"lt-LT\"}]}<\/script>\n<!-- \/ Yoast SEO plugin. -->","yoast_head_json":{"title":"Baltasis \u0161alavijas - Gayatri Treasure","robots":{"index":"index","follow":"follow","max-snippet":"max-snippet:-1","max-image-preview":"max-image-preview:large","max-video-preview":"max-video-preview:-1"},"canonical":"https:\/\/gayatritreasure.com\/lt\/produktas\/salavijas\/","og_locale":"lt_LT","og_type":"article","og_title":"Baltasis \u0161alavijas - Gayatri Treasure","og_description":"\u0160alavijas turi ilg\u0105 naudojimo istorij\u0105 Egipto, Romos ir Graikijos medicinoje, taip pat Amerikos ind\u0117n\u0173 gydymo tradicijose. D\u017eiovintas \u0161alavijas deginamas, kad gydyt\u0173, apsaugot\u0173, padidint\u0173 i\u0161mint\u012f ir sustiprint\u0173 apsaug\u0105 nuo lig\u0173. \u0160alavijas","og_url":"https:\/\/gayatritreasure.com\/lt\/produktas\/salavijas\/","og_site_name":"Gayatri Treasure","article_modified_time":"2025-04-09T23:16:22+00:00","og_image":[{"width":800,"height":1000,"url":"https:\/\/gayatritreasure.com\/wp-content\/uploads\/2023\/12\/salavijas.webp","type":"image\/webp"}],"twitter_card":"summary_large_image","twitter_misc":{"Est. reading time":"1 minut\u0117"},"schema":{"@context":"https:\/\/schema.org","@graph":[{"@type":"WebPage","@id":"https:\/\/gayatritreasure.com\/en_gb\/product\/salavijas\/","url":"https:\/\/gayatritreasure.com\/en_gb\/product\/salavijas\/","name":"Baltasis \u0161alavijas - Gayatri Treasure","isPartOf":{"@id":"http:\/\/gayatritreasure.com\/lt\/#website"},"primaryImageOfPage":{"@id":"https:\/\/gayatritreasure.com\/en_gb\/product\/salavijas\/#primaryimage"},"image":{"@id":"https:\/\/gayatritreasure.com\/en_gb\/product\/salavijas\/#primaryimage"},"thumbnailUrl":"https:\/\/gayatritreasure.com\/wp-content\/uploads\/2023\/12\/salavijas.webp","datePublished":"2023-12-02T12:19:40+00:00","dateModified":"2025-04-09T23:16:22+00:00","breadcrumb":{"@id":"https:\/\/gayatritreasure.com\/en_gb\/product\/salavijas\/#breadcrumb"},"inLanguage":"lt-LT","potentialAction":[{"@type":"ReadAction","target":["https:\/\/gayatritreasure.com\/en_gb\/product\/salavijas\/"]}]},{"@type":"ImageObject","inLanguage":"lt-LT","@id":"https:\/\/gayatritreasure.com\/en_gb\/product\/salavijas\/#primaryimage","url":"https:\/\/gayatritreasure.com\/wp-content\/uploads\/2023\/12\/salavijas.webp","contentUrl":"https:\/\/gayatritreasure.com\/wp-content\/uploads\/2023\/12\/salavijas.webp","width":800,"height":1000},{"@type":"BreadcrumbList","@id":"https:\/\/gayatritreasure.com\/en_gb\/product\/salavijas\/#breadcrumb","itemListElement":[{"@type":"ListItem","position":1,"name":"Home","item":"http:\/\/gayatritreasure.com\/lt\/"},{"@type":"ListItem","position":2,"name":"Shop","item":"http:\/\/gayatritreasure.com\/en_gb\/shop\/"},{"@type":"ListItem","position":3,"name":"Baltasis \u0161alavijas"}]},{"@type":"WebSite","@id":"http:\/\/gayatritreasure.com\/lt\/#website","url":"http:\/\/gayatritreasure.com\/lt\/","name":"Gayatri Treasure","description":"","potentialAction":[{"@type":"SearchAction","target":{"@type":"EntryPoint","urlTemplate":"http:\/\/gayatritreasure.com\/lt\/?s={search_term_string}"},"query-input":{"@type":"PropertyValueSpecification","valueRequired":true,"valueName":"search_term_string"}}],"inLanguage":"lt-LT"}]}},"jetpack_sharing_enabled":true,"_links":{"self":[{"href":"https:\/\/gayatritreasure.com\/lt\/wp-json\/wp\/v2\/product\/1023","targetHints":{"allow":["GET"]}}],"collection":[{"href":"https:\/\/gayatritreasure.com\/lt\/wp-json\/wp\/v2\/product"}],"about":[{"href":"https:\/\/gayatritreasure.com\/lt\/wp-json\/wp\/v2\/types\/product"}],"replies":[{"embeddable":true,"href":"https:\/\/gayatritreasure.com\/lt\/wp-json\/wp\/v2\/comments?post=1023"}],"version-history":[{"count":5,"href":"https:\/\/gayatritreasure.com\/lt\/wp-json\/wp\/v2\/product\/1023\/revisions"}],"predecessor-version":[{"id":1354,"href":"https:\/\/gayatritreasure.com\/lt\/wp-json\/wp\/v2\/product\/1023\/revisions\/1354"}],"wp:featuredmedia":[{"embeddable":true,"href":"https:\/\/gayatritreasure.com\/lt\/wp-json\/wp\/v2\/media\/1124"}],"wp:attachment":[{"href":"https:\/\/gayatritreasure.com\/lt\/wp-json\/wp\/v2\/media?parent=1023"}],"wp:term":[{"taxonomy":"product_cat","embeddable":true,"href":"https:\/\/gayatritreasure.com\/lt\/wp-json\/wp\/v2\/product_cat?post=1023"},{"taxonomy":"product_tag","embeddable":true,"href":"https:\/\/gayatritreasure.com\/lt\/wp-json\/wp\/v2\/product_tag?post=1023"}],"curies":[{"name":"wp","href":"https:\/\/api.w.org\/{rel}","templated":true}]}}