{"id":1170,"date":"2023-12-06T12:14:53","date_gmt":"2023-12-06T12:14:53","guid":{"rendered":"https:\/\/gayatritreasure.com\/?post_type=product&#038;p=1170"},"modified":"2023-12-09T12:40:20","modified_gmt":"2023-12-09T12:40:20","slug":"paciuliai","status":"publish","type":"product","link":"https:\/\/gayatritreasure.com\/lt\/produktas\/paciuliai\/","title":{"rendered":"Patchouli"},"content":{"rendered":"<p><span style=\"font-weight: 400;\">Turi paslapting\u0105 aromat\u0105, nuo sen\u0173 laik\u0173 naudojami kvepaluose, smilkaluose &#8211; tai sodrus, sald\u017eiai \u017eolinis, ir tuo pa\u010diu d\u016bminis su lengvu \u017eem\u0117s atspalviu aromatas. Vakarie\u010diai taip pam\u0117go pa\u010diuli\u0173 kvap\u0105 d\u0117l to, jog jis siejasi su Ryt\u0173 prabanga, nuostabiais audiniais ir paslaptingais Ryt\u0173 dievais.<\/span><\/p>","protected":false},"excerpt":{"rendered":"<p>Turi paslapting\u0105 aromat\u0105, nuo sen\u0173 laik\u0173 naudojami kvepaluose, smilkaluose &#8211; tai sodrus, sald\u017eiai \u017eolinis, ir tuo pa\u010diu d\u016bminis su lengvu \u017eem\u0117s atspalviu aromatas. Vakarie\u010diai taip pam\u0117go pa\u010diuli\u0173 kvap\u0105 d\u0117l to,<\/p>","protected":false},"featured_media":1252,"comment_status":"open","ping_status":"closed","template":"","meta":{"_monsterinsights_skip_tracking":false,"_monsterinsights_sitenote_active":false,"_monsterinsights_sitenote_note":"","_monsterinsights_sitenote_category":0,"_uf_show_specific_survey":0,"_uf_disable_surveys":false},"product_cat":[93],"product_tag":[],"class_list":{"0":"post-1170","1":"product","2":"type-product","3":"status-publish","4":"has-post-thumbnail","6":"product_cat-incence-stick-smells-aroma","8":"first","9":"instock","10":"shipping-taxable","11":"purchasable","12":"product-type-variable"},"yoast_head":"<!-- This site is optimized with the Yoast SEO plugin v27.4 - https:\/\/yoast.com\/product\/yoast-seo-wordpress\/ -->\n<title>Patchouli - Gayatri Treasure<\/title>\n<meta name=\"description\" content=\"Pa\u010diuliai - tai sodrus, sald\u017eiai \u017eolinis, ir tuo pa\u010diu d\u016bminis su lengvu \u017eem\u0117s atspalviu aromatas.\" \/>\n<meta name=\"robots\" content=\"index, follow, max-snippet:-1, max-image-preview:large, max-video-preview:-1\" \/>\n<link rel=\"canonical\" href=\"https:\/\/gayatritreasure.com\/lt\/produktas\/paciuliai\/\" \/>\n<meta property=\"og:locale\" content=\"lt_LT\" \/>\n<meta property=\"og:type\" content=\"article\" \/>\n<meta property=\"og:title\" content=\"Patchouli - Gayatri Treasure\" \/>\n<meta property=\"og:description\" content=\"Pa\u010diuliai - tai sodrus, sald\u017eiai \u017eolinis, ir tuo pa\u010diu d\u016bminis su lengvu \u017eem\u0117s atspalviu aromatas.\" \/>\n<meta property=\"og:url\" content=\"https:\/\/gayatritreasure.com\/lt\/produktas\/paciuliai\/\" \/>\n<meta property=\"og:site_name\" content=\"Gayatri Treasure\" \/>\n<meta property=\"article:modified_time\" content=\"2023-12-09T12:40:20+00:00\" \/>\n<meta property=\"og:image\" content=\"https:\/\/gayatritreasure.com\/wp-content\/uploads\/2023\/12\/06-scaled.jpg\" \/>\n\t<meta property=\"og:image:width\" content=\"1829\" \/>\n\t<meta property=\"og:image:height\" content=\"2560\" \/>\n\t<meta property=\"og:image:type\" content=\"image\/jpeg\" \/>\n<meta name=\"twitter:card\" content=\"summary_large_image\" \/>\n<meta name=\"twitter:label1\" content=\"Est. reading time\" \/>\n\t<meta name=\"twitter:data1\" content=\"1 minut\u0117\" \/>\n<script type=\"application\/ld+json\" class=\"yoast-schema-graph\">{\"@context\":\"https:\\\/\\\/schema.org\",\"@graph\":[{\"@type\":\"WebPage\",\"@id\":\"https:\\\/\\\/gayatritreasure.com\\\/en_gb\\\/product\\\/paciuliai\\\/\",\"url\":\"https:\\\/\\\/gayatritreasure.com\\\/en_gb\\\/product\\\/paciuliai\\\/\",\"name\":\"Patchouli - Gayatri Treasure\",\"isPartOf\":{\"@id\":\"http:\\\/\\\/gayatritreasure.com\\\/lt\\\/#website\"},\"primaryImageOfPage\":{\"@id\":\"https:\\\/\\\/gayatritreasure.com\\\/en_gb\\\/product\\\/paciuliai\\\/#primaryimage\"},\"image\":{\"@id\":\"https:\\\/\\\/gayatritreasure.com\\\/en_gb\\\/product\\\/paciuliai\\\/#primaryimage\"},\"thumbnailUrl\":\"https:\\\/\\\/gayatritreasure.com\\\/wp-content\\\/uploads\\\/2023\\\/12\\\/06-scaled.jpg\",\"datePublished\":\"2023-12-06T12:14:53+00:00\",\"dateModified\":\"2023-12-09T12:40:20+00:00\",\"description\":\"Pa\u010diuliai - tai sodrus, sald\u017eiai \u017eolinis, ir tuo pa\u010diu d\u016bminis su lengvu \u017eem\u0117s atspalviu aromatas.\",\"breadcrumb\":{\"@id\":\"https:\\\/\\\/gayatritreasure.com\\\/en_gb\\\/product\\\/paciuliai\\\/#breadcrumb\"},\"inLanguage\":\"lt-LT\",\"potentialAction\":[{\"@type\":\"ReadAction\",\"target\":[\"https:\\\/\\\/gayatritreasure.com\\\/en_gb\\\/product\\\/paciuliai\\\/\"]}]},{\"@type\":\"ImageObject\",\"inLanguage\":\"lt-LT\",\"@id\":\"https:\\\/\\\/gayatritreasure.com\\\/en_gb\\\/product\\\/paciuliai\\\/#primaryimage\",\"url\":\"https:\\\/\\\/gayatritreasure.com\\\/wp-content\\\/uploads\\\/2023\\\/12\\\/06-scaled.jpg\",\"contentUrl\":\"https:\\\/\\\/gayatritreasure.com\\\/wp-content\\\/uploads\\\/2023\\\/12\\\/06-scaled.jpg\",\"width\":1829,\"height\":2560},{\"@type\":\"BreadcrumbList\",\"@id\":\"https:\\\/\\\/gayatritreasure.com\\\/en_gb\\\/product\\\/paciuliai\\\/#breadcrumb\",\"itemListElement\":[{\"@type\":\"ListItem\",\"position\":1,\"name\":\"Home\",\"item\":\"http:\\\/\\\/gayatritreasure.com\\\/lt\\\/\"},{\"@type\":\"ListItem\",\"position\":2,\"name\":\"Shop\",\"item\":\"http:\\\/\\\/gayatritreasure.com\\\/en_gb\\\/shop\\\/\"},{\"@type\":\"ListItem\",\"position\":3,\"name\":\"Patchouli\"}]},{\"@type\":\"WebSite\",\"@id\":\"http:\\\/\\\/gayatritreasure.com\\\/lt\\\/#website\",\"url\":\"http:\\\/\\\/gayatritreasure.com\\\/lt\\\/\",\"name\":\"Gayatri Treasure\",\"description\":\"\",\"potentialAction\":[{\"@type\":\"SearchAction\",\"target\":{\"@type\":\"EntryPoint\",\"urlTemplate\":\"http:\\\/\\\/gayatritreasure.com\\\/lt\\\/?s={search_term_string}\"},\"query-input\":{\"@type\":\"PropertyValueSpecification\",\"valueRequired\":true,\"valueName\":\"search_term_string\"}}],\"inLanguage\":\"lt-LT\"}]}<\/script>\n<!-- \/ Yoast SEO plugin. -->","yoast_head_json":{"title":"Patchouli - Gayatri Treasure","description":"Pa\u010diuliai - tai sodrus, sald\u017eiai \u017eolinis, ir tuo pa\u010diu d\u016bminis su lengvu \u017eem\u0117s atspalviu aromatas.","robots":{"index":"index","follow":"follow","max-snippet":"max-snippet:-1","max-image-preview":"max-image-preview:large","max-video-preview":"max-video-preview:-1"},"canonical":"https:\/\/gayatritreasure.com\/lt\/produktas\/paciuliai\/","og_locale":"lt_LT","og_type":"article","og_title":"Patchouli - Gayatri Treasure","og_description":"Pa\u010diuliai - tai sodrus, sald\u017eiai \u017eolinis, ir tuo pa\u010diu d\u016bminis su lengvu \u017eem\u0117s atspalviu aromatas.","og_url":"https:\/\/gayatritreasure.com\/lt\/produktas\/paciuliai\/","og_site_name":"Gayatri Treasure","article_modified_time":"2023-12-09T12:40:20+00:00","og_image":[{"width":1829,"height":2560,"url":"https:\/\/gayatritreasure.com\/wp-content\/uploads\/2023\/12\/06-scaled.jpg","type":"image\/jpeg"}],"twitter_card":"summary_large_image","twitter_misc":{"Est. reading time":"1 minut\u0117"},"schema":{"@context":"https:\/\/schema.org","@graph":[{"@type":"WebPage","@id":"https:\/\/gayatritreasure.com\/en_gb\/product\/paciuliai\/","url":"https:\/\/gayatritreasure.com\/en_gb\/product\/paciuliai\/","name":"Patchouli - Gayatri Treasure","isPartOf":{"@id":"http:\/\/gayatritreasure.com\/lt\/#website"},"primaryImageOfPage":{"@id":"https:\/\/gayatritreasure.com\/en_gb\/product\/paciuliai\/#primaryimage"},"image":{"@id":"https:\/\/gayatritreasure.com\/en_gb\/product\/paciuliai\/#primaryimage"},"thumbnailUrl":"https:\/\/gayatritreasure.com\/wp-content\/uploads\/2023\/12\/06-scaled.jpg","datePublished":"2023-12-06T12:14:53+00:00","dateModified":"2023-12-09T12:40:20+00:00","description":"Pa\u010diuliai - tai sodrus, sald\u017eiai \u017eolinis, ir tuo pa\u010diu d\u016bminis su lengvu \u017eem\u0117s atspalviu aromatas.","breadcrumb":{"@id":"https:\/\/gayatritreasure.com\/en_gb\/product\/paciuliai\/#breadcrumb"},"inLanguage":"lt-LT","potentialAction":[{"@type":"ReadAction","target":["https:\/\/gayatritreasure.com\/en_gb\/product\/paciuliai\/"]}]},{"@type":"ImageObject","inLanguage":"lt-LT","@id":"https:\/\/gayatritreasure.com\/en_gb\/product\/paciuliai\/#primaryimage","url":"https:\/\/gayatritreasure.com\/wp-content\/uploads\/2023\/12\/06-scaled.jpg","contentUrl":"https:\/\/gayatritreasure.com\/wp-content\/uploads\/2023\/12\/06-scaled.jpg","width":1829,"height":2560},{"@type":"BreadcrumbList","@id":"https:\/\/gayatritreasure.com\/en_gb\/product\/paciuliai\/#breadcrumb","itemListElement":[{"@type":"ListItem","position":1,"name":"Home","item":"http:\/\/gayatritreasure.com\/lt\/"},{"@type":"ListItem","position":2,"name":"Shop","item":"http:\/\/gayatritreasure.com\/en_gb\/shop\/"},{"@type":"ListItem","position":3,"name":"Patchouli"}]},{"@type":"WebSite","@id":"http:\/\/gayatritreasure.com\/lt\/#website","url":"http:\/\/gayatritreasure.com\/lt\/","name":"Gayatri Treasure","description":"","potentialAction":[{"@type":"SearchAction","target":{"@type":"EntryPoint","urlTemplate":"http:\/\/gayatritreasure.com\/lt\/?s={search_term_string}"},"query-input":{"@type":"PropertyValueSpecification","valueRequired":true,"valueName":"search_term_string"}}],"inLanguage":"lt-LT"}]}},"jetpack_sharing_enabled":true,"_links":{"self":[{"href":"https:\/\/gayatritreasure.com\/lt\/wp-json\/wp\/v2\/product\/1170","targetHints":{"allow":["GET"]}}],"collection":[{"href":"https:\/\/gayatritreasure.com\/lt\/wp-json\/wp\/v2\/product"}],"about":[{"href":"https:\/\/gayatritreasure.com\/lt\/wp-json\/wp\/v2\/types\/product"}],"replies":[{"embeddable":true,"href":"https:\/\/gayatritreasure.com\/lt\/wp-json\/wp\/v2\/comments?post=1170"}],"version-history":[{"count":2,"href":"https:\/\/gayatritreasure.com\/lt\/wp-json\/wp\/v2\/product\/1170\/revisions"}],"predecessor-version":[{"id":1237,"href":"https:\/\/gayatritreasure.com\/lt\/wp-json\/wp\/v2\/product\/1170\/revisions\/1237"}],"wp:featuredmedia":[{"embeddable":true,"href":"https:\/\/gayatritreasure.com\/lt\/wp-json\/wp\/v2\/media\/1252"}],"wp:attachment":[{"href":"https:\/\/gayatritreasure.com\/lt\/wp-json\/wp\/v2\/media?parent=1170"}],"wp:term":[{"taxonomy":"product_cat","embeddable":true,"href":"https:\/\/gayatritreasure.com\/lt\/wp-json\/wp\/v2\/product_cat?post=1170"},{"taxonomy":"product_tag","embeddable":true,"href":"https:\/\/gayatritreasure.com\/lt\/wp-json\/wp\/v2\/product_tag?post=1170"}],"curies":[{"name":"wp","href":"https:\/\/api.w.org\/{rel}","templated":true}]}}