{"id":1201,"date":"2023-12-08T17:03:25","date_gmt":"2023-12-08T17:03:25","guid":{"rendered":"https:\/\/gayatritreasure.com\/?post_type=product&#038;p=1201"},"modified":"2023-12-09T12:32:03","modified_gmt":"2023-12-09T12:32:03","slug":"poonam-flora","status":"publish","type":"product","link":"https:\/\/gayatritreasure.com\/lt\/produktas\/poonam-flora\/","title":{"rendered":"Poonam flora"},"content":{"rendered":"<p><span style=\"font-weight: 400;\">G\u0117linis aromatas su \u0161afrano ir gintaro natomis. Tonizuojantis, saul\u0117tas, energingas aromatas. Skatina smegen\u0173 veikl\u0105, sustiprina kognicij\u0105.<\/span><\/p>","protected":false},"excerpt":{"rendered":"<p>G\u0117linis aromatas su \u0161afrano ir gintaro natomis. Tonizuojantis, saul\u0117tas, energingas aromatas. Skatina smegen\u0173 veikl\u0105, sustiprina kognicij\u0105.<\/p>","protected":false},"featured_media":1249,"comment_status":"open","ping_status":"closed","template":"","meta":{"_monsterinsights_skip_tracking":false,"_monsterinsights_sitenote_active":false,"_monsterinsights_sitenote_note":"","_monsterinsights_sitenote_category":0,"_uf_show_specific_survey":0,"_uf_disable_surveys":false},"product_cat":[93],"product_tag":[],"class_list":{"0":"post-1201","1":"product","2":"type-product","3":"status-publish","4":"has-post-thumbnail","6":"product_cat-incence-stick-smells-aroma","8":"first","9":"instock","10":"shipping-taxable","11":"purchasable","12":"product-type-variable"},"yoast_head":"<!-- This site is optimized with the Yoast SEO plugin v27.4 - https:\/\/yoast.com\/product\/yoast-seo-wordpress\/ -->\n<title>Poonam flora - Gayatri Treasure<\/title>\n<meta name=\"description\" content=\"g\u0117linis aromatas su \u0161afrano ir gintaro natomis. Tonizuojantis, saul\u0117tas, energingas aromatas. Skatina smegen\u0173 veikl\u0105, sustiprina kognicij\u0105.\" \/>\n<meta name=\"robots\" content=\"index, follow, max-snippet:-1, max-image-preview:large, max-video-preview:-1\" \/>\n<link rel=\"canonical\" href=\"http:\/\/gayatritreasure.com\/lt\/produktas\/poonam-flora\/\" \/>\n<meta property=\"og:locale\" content=\"lt_LT\" \/>\n<meta property=\"og:type\" content=\"article\" \/>\n<meta property=\"og:title\" content=\"Poonam flora - Gayatri Treasure\" \/>\n<meta property=\"og:description\" content=\"g\u0117linis aromatas su \u0161afrano ir gintaro natomis. Tonizuojantis, saul\u0117tas, energingas aromatas. Skatina smegen\u0173 veikl\u0105, sustiprina kognicij\u0105.\" \/>\n<meta property=\"og:url\" content=\"http:\/\/gayatritreasure.com\/lt\/produktas\/poonam-flora\/\" \/>\n<meta property=\"og:site_name\" content=\"Gayatri Treasure\" \/>\n<meta property=\"article:modified_time\" content=\"2023-12-09T12:32:03+00:00\" \/>\n<meta property=\"og:image\" content=\"http:\/\/gayatritreasure.com\/wp-content\/uploads\/2023\/12\/03-scaled.jpg\" \/>\n\t<meta property=\"og:image:width\" content=\"1829\" \/>\n\t<meta property=\"og:image:height\" content=\"2560\" \/>\n\t<meta property=\"og:image:type\" content=\"image\/jpeg\" \/>\n<meta name=\"twitter:card\" content=\"summary_large_image\" \/>\n<meta name=\"twitter:label1\" content=\"Est. reading time\" \/>\n\t<meta name=\"twitter:data1\" content=\"1 minut\u0117\" \/>\n<script type=\"application\/ld+json\" class=\"yoast-schema-graph\">{\"@context\":\"https:\\\/\\\/schema.org\",\"@graph\":[{\"@type\":\"WebPage\",\"@id\":\"http:\\\/\\\/gayatritreasure.com\\\/lt\\\/produktas\\\/poonam-flora\\\/\",\"url\":\"http:\\\/\\\/gayatritreasure.com\\\/lt\\\/produktas\\\/poonam-flora\\\/\",\"name\":\"Poonam flora - Gayatri Treasure\",\"isPartOf\":{\"@id\":\"http:\\\/\\\/gayatritreasure.com\\\/lt\\\/#website\"},\"primaryImageOfPage\":{\"@id\":\"http:\\\/\\\/gayatritreasure.com\\\/lt\\\/produktas\\\/poonam-flora\\\/#primaryimage\"},\"image\":{\"@id\":\"http:\\\/\\\/gayatritreasure.com\\\/lt\\\/produktas\\\/poonam-flora\\\/#primaryimage\"},\"thumbnailUrl\":\"https:\\\/\\\/gayatritreasure.com\\\/wp-content\\\/uploads\\\/2023\\\/12\\\/03-scaled.jpg\",\"datePublished\":\"2023-12-08T17:03:25+00:00\",\"dateModified\":\"2023-12-09T12:32:03+00:00\",\"description\":\"g\u0117linis aromatas su \u0161afrano ir gintaro natomis. Tonizuojantis, saul\u0117tas, energingas aromatas. Skatina smegen\u0173 veikl\u0105, sustiprina kognicij\u0105.\",\"breadcrumb\":{\"@id\":\"http:\\\/\\\/gayatritreasure.com\\\/lt\\\/produktas\\\/poonam-flora\\\/#breadcrumb\"},\"inLanguage\":\"lt-LT\",\"potentialAction\":[{\"@type\":\"ReadAction\",\"target\":[\"http:\\\/\\\/gayatritreasure.com\\\/lt\\\/produktas\\\/poonam-flora\\\/\"]}]},{\"@type\":\"ImageObject\",\"inLanguage\":\"lt-LT\",\"@id\":\"http:\\\/\\\/gayatritreasure.com\\\/lt\\\/produktas\\\/poonam-flora\\\/#primaryimage\",\"url\":\"https:\\\/\\\/gayatritreasure.com\\\/wp-content\\\/uploads\\\/2023\\\/12\\\/03-scaled.jpg\",\"contentUrl\":\"https:\\\/\\\/gayatritreasure.com\\\/wp-content\\\/uploads\\\/2023\\\/12\\\/03-scaled.jpg\",\"width\":1829,\"height\":2560},{\"@type\":\"BreadcrumbList\",\"@id\":\"http:\\\/\\\/gayatritreasure.com\\\/lt\\\/produktas\\\/poonam-flora\\\/#breadcrumb\",\"itemListElement\":[{\"@type\":\"ListItem\",\"position\":1,\"name\":\"Home\",\"item\":\"http:\\\/\\\/gayatritreasure.com\\\/lt\\\/\"},{\"@type\":\"ListItem\",\"position\":2,\"name\":\"Shop\",\"item\":\"http:\\\/\\\/gayatritreasure.com\\\/en_gb\\\/shop\\\/\"},{\"@type\":\"ListItem\",\"position\":3,\"name\":\"Poonam flora\"}]},{\"@type\":\"WebSite\",\"@id\":\"http:\\\/\\\/gayatritreasure.com\\\/lt\\\/#website\",\"url\":\"http:\\\/\\\/gayatritreasure.com\\\/lt\\\/\",\"name\":\"Gayatri Treasure\",\"description\":\"\",\"potentialAction\":[{\"@type\":\"SearchAction\",\"target\":{\"@type\":\"EntryPoint\",\"urlTemplate\":\"http:\\\/\\\/gayatritreasure.com\\\/lt\\\/?s={search_term_string}\"},\"query-input\":{\"@type\":\"PropertyValueSpecification\",\"valueRequired\":true,\"valueName\":\"search_term_string\"}}],\"inLanguage\":\"lt-LT\"}]}<\/script>\n<!-- \/ Yoast SEO plugin. -->","yoast_head_json":{"title":"Poonam flora - Gayatri Treasure","description":"g\u0117linis aromatas su \u0161afrano ir gintaro natomis. Tonizuojantis, saul\u0117tas, energingas aromatas. Skatina smegen\u0173 veikl\u0105, sustiprina kognicij\u0105.","robots":{"index":"index","follow":"follow","max-snippet":"max-snippet:-1","max-image-preview":"max-image-preview:large","max-video-preview":"max-video-preview:-1"},"canonical":"http:\/\/gayatritreasure.com\/lt\/produktas\/poonam-flora\/","og_locale":"lt_LT","og_type":"article","og_title":"Poonam flora - Gayatri Treasure","og_description":"g\u0117linis aromatas su \u0161afrano ir gintaro natomis. Tonizuojantis, saul\u0117tas, energingas aromatas. Skatina smegen\u0173 veikl\u0105, sustiprina kognicij\u0105.","og_url":"http:\/\/gayatritreasure.com\/lt\/produktas\/poonam-flora\/","og_site_name":"Gayatri Treasure","article_modified_time":"2023-12-09T12:32:03+00:00","og_image":[{"width":1829,"height":2560,"url":"http:\/\/gayatritreasure.com\/wp-content\/uploads\/2023\/12\/03-scaled.jpg","type":"image\/jpeg"}],"twitter_card":"summary_large_image","twitter_misc":{"Est. reading time":"1 minut\u0117"},"schema":{"@context":"https:\/\/schema.org","@graph":[{"@type":"WebPage","@id":"http:\/\/gayatritreasure.com\/lt\/produktas\/poonam-flora\/","url":"http:\/\/gayatritreasure.com\/lt\/produktas\/poonam-flora\/","name":"Poonam flora - Gayatri Treasure","isPartOf":{"@id":"http:\/\/gayatritreasure.com\/lt\/#website"},"primaryImageOfPage":{"@id":"http:\/\/gayatritreasure.com\/lt\/produktas\/poonam-flora\/#primaryimage"},"image":{"@id":"http:\/\/gayatritreasure.com\/lt\/produktas\/poonam-flora\/#primaryimage"},"thumbnailUrl":"https:\/\/gayatritreasure.com\/wp-content\/uploads\/2023\/12\/03-scaled.jpg","datePublished":"2023-12-08T17:03:25+00:00","dateModified":"2023-12-09T12:32:03+00:00","description":"g\u0117linis aromatas su \u0161afrano ir gintaro natomis. Tonizuojantis, saul\u0117tas, energingas aromatas. Skatina smegen\u0173 veikl\u0105, sustiprina kognicij\u0105.","breadcrumb":{"@id":"http:\/\/gayatritreasure.com\/lt\/produktas\/poonam-flora\/#breadcrumb"},"inLanguage":"lt-LT","potentialAction":[{"@type":"ReadAction","target":["http:\/\/gayatritreasure.com\/lt\/produktas\/poonam-flora\/"]}]},{"@type":"ImageObject","inLanguage":"lt-LT","@id":"http:\/\/gayatritreasure.com\/lt\/produktas\/poonam-flora\/#primaryimage","url":"https:\/\/gayatritreasure.com\/wp-content\/uploads\/2023\/12\/03-scaled.jpg","contentUrl":"https:\/\/gayatritreasure.com\/wp-content\/uploads\/2023\/12\/03-scaled.jpg","width":1829,"height":2560},{"@type":"BreadcrumbList","@id":"http:\/\/gayatritreasure.com\/lt\/produktas\/poonam-flora\/#breadcrumb","itemListElement":[{"@type":"ListItem","position":1,"name":"Home","item":"http:\/\/gayatritreasure.com\/lt\/"},{"@type":"ListItem","position":2,"name":"Shop","item":"http:\/\/gayatritreasure.com\/en_gb\/shop\/"},{"@type":"ListItem","position":3,"name":"Poonam flora"}]},{"@type":"WebSite","@id":"http:\/\/gayatritreasure.com\/lt\/#website","url":"http:\/\/gayatritreasure.com\/lt\/","name":"Gayatri Treasure","description":"","potentialAction":[{"@type":"SearchAction","target":{"@type":"EntryPoint","urlTemplate":"http:\/\/gayatritreasure.com\/lt\/?s={search_term_string}"},"query-input":{"@type":"PropertyValueSpecification","valueRequired":true,"valueName":"search_term_string"}}],"inLanguage":"lt-LT"}]}},"jetpack_sharing_enabled":true,"_links":{"self":[{"href":"https:\/\/gayatritreasure.com\/lt\/wp-json\/wp\/v2\/product\/1201","targetHints":{"allow":["GET"]}}],"collection":[{"href":"https:\/\/gayatritreasure.com\/lt\/wp-json\/wp\/v2\/product"}],"about":[{"href":"https:\/\/gayatritreasure.com\/lt\/wp-json\/wp\/v2\/types\/product"}],"replies":[{"embeddable":true,"href":"https:\/\/gayatritreasure.com\/lt\/wp-json\/wp\/v2\/comments?post=1201"}],"version-history":[{"count":2,"href":"https:\/\/gayatritreasure.com\/lt\/wp-json\/wp\/v2\/product\/1201\/revisions"}],"predecessor-version":[{"id":1259,"href":"https:\/\/gayatritreasure.com\/lt\/wp-json\/wp\/v2\/product\/1201\/revisions\/1259"}],"wp:featuredmedia":[{"embeddable":true,"href":"https:\/\/gayatritreasure.com\/lt\/wp-json\/wp\/v2\/media\/1249"}],"wp:attachment":[{"href":"https:\/\/gayatritreasure.com\/lt\/wp-json\/wp\/v2\/media?parent=1201"}],"wp:term":[{"taxonomy":"product_cat","embeddable":true,"href":"https:\/\/gayatritreasure.com\/lt\/wp-json\/wp\/v2\/product_cat?post=1201"},{"taxonomy":"product_tag","embeddable":true,"href":"https:\/\/gayatritreasure.com\/lt\/wp-json\/wp\/v2\/product_tag?post=1201"}],"curies":[{"name":"wp","href":"https:\/\/api.w.org\/{rel}","templated":true}]}}