{"id":1221,"date":"2023-12-08T17:13:57","date_gmt":"2023-12-08T17:13:57","guid":{"rendered":"https:\/\/gayatritreasure.com\/?post_type=product&#038;p=1221"},"modified":"2025-05-07T16:09:43","modified_gmt":"2025-05-07T15:09:43","slug":"nag-champa","status":"publish","type":"product","link":"https:\/\/gayatritreasure.com\/lt\/produktas\/nag-champa\/","title":{"rendered":"Nag Champa"},"content":{"rendered":"<p><span style=\"font-weight: 400;\">Bene populiariausias pasaulyje smilkal\u0173 mi\u0161inys. I\u0161skirtinai egzoti\u0161kas kvapas sukuria ypating\u0105, teigiamai veikian\u010di\u0105 atmosfer\u0105. Kvapas salsteli, g\u0117linis su sunkesne muskato nata. Ma\u017eina \u012ftamp\u0105, padeda susikaupti mokymuisi, skaitymui, meditacijai.<\/span><\/p>","protected":false},"excerpt":{"rendered":"<p>Bene populiariausias pasaulyje smilkal\u0173 mi\u0161inys. I\u0161skirtinai egzoti\u0161kas kvapas sukuria ypating\u0105, teigiamai veikian\u010di\u0105 atmosfer\u0105. Kvapas salsteli, g\u0117linis su sunkesne muskato nata. Ma\u017eina \u012ftamp\u0105, padeda susikaupti mokymuisi, skaitymui, meditacijai.<\/p>","protected":false},"featured_media":1254,"comment_status":"open","ping_status":"closed","template":"","meta":{"_monsterinsights_skip_tracking":false,"_monsterinsights_sitenote_active":false,"_monsterinsights_sitenote_note":"","_monsterinsights_sitenote_category":0,"_uf_show_specific_survey":0,"_uf_disable_surveys":false},"product_cat":[93],"product_tag":[],"class_list":{"0":"post-1221","1":"product","2":"type-product","3":"status-publish","4":"has-post-thumbnail","6":"product_cat-incence-stick-smells-aroma","8":"first","9":"instock","10":"shipping-taxable","11":"purchasable","12":"product-type-variable"},"yoast_head":"<!-- This site is optimized with the Yoast SEO plugin v27.4 - https:\/\/yoast.com\/product\/yoast-seo-wordpress\/ -->\n<title>Nag Champa - Gayatri Treasure<\/title>\n<meta name=\"description\" content=\"Bene populiariausias pasaulyje smilkal\u0173 mi\u0161inys. I\u0161skirtinai egzoti\u0161kas kvapas sukuria ypating\u0105, teigiamai veikian\u010di\u0105 atmosfer\u0105.\" \/>\n<meta name=\"robots\" content=\"index, follow, max-snippet:-1, max-image-preview:large, max-video-preview:-1\" \/>\n<link rel=\"canonical\" href=\"https:\/\/gayatritreasure.com\/lt\/produktas\/nag-champa\/\" \/>\n<meta property=\"og:locale\" content=\"lt_LT\" \/>\n<meta property=\"og:type\" content=\"article\" \/>\n<meta property=\"og:title\" content=\"Nag Champa - Gayatri Treasure\" \/>\n<meta property=\"og:description\" content=\"Bene populiariausias pasaulyje smilkal\u0173 mi\u0161inys. I\u0161skirtinai egzoti\u0161kas kvapas sukuria ypating\u0105, teigiamai veikian\u010di\u0105 atmosfer\u0105.\" \/>\n<meta property=\"og:url\" content=\"https:\/\/gayatritreasure.com\/lt\/produktas\/nag-champa\/\" \/>\n<meta property=\"og:site_name\" content=\"Gayatri Treasure\" \/>\n<meta property=\"article:modified_time\" content=\"2025-05-07T15:09:43+00:00\" \/>\n<meta property=\"og:image\" content=\"https:\/\/gayatritreasure.com\/wp-content\/uploads\/2023\/12\/08-scaled.jpg\" \/>\n\t<meta property=\"og:image:width\" content=\"1829\" \/>\n\t<meta property=\"og:image:height\" content=\"2560\" \/>\n\t<meta property=\"og:image:type\" content=\"image\/jpeg\" \/>\n<meta name=\"twitter:card\" content=\"summary_large_image\" \/>\n<meta name=\"twitter:label1\" content=\"Est. reading time\" \/>\n\t<meta name=\"twitter:data1\" content=\"1 minut\u0117\" \/>\n<script type=\"application\/ld+json\" class=\"yoast-schema-graph\">{\"@context\":\"https:\\\/\\\/schema.org\",\"@graph\":[{\"@type\":\"WebPage\",\"@id\":\"https:\\\/\\\/gayatritreasure.com\\\/lt\\\/produktas\\\/nag-champa\\\/\",\"url\":\"https:\\\/\\\/gayatritreasure.com\\\/lt\\\/produktas\\\/nag-champa\\\/\",\"name\":\"Nag Champa - Gayatri Treasure\",\"isPartOf\":{\"@id\":\"http:\\\/\\\/gayatritreasure.com\\\/en_gb\\\/#website\"},\"primaryImageOfPage\":{\"@id\":\"https:\\\/\\\/gayatritreasure.com\\\/lt\\\/produktas\\\/nag-champa\\\/#primaryimage\"},\"image\":{\"@id\":\"https:\\\/\\\/gayatritreasure.com\\\/lt\\\/produktas\\\/nag-champa\\\/#primaryimage\"},\"thumbnailUrl\":\"https:\\\/\\\/gayatritreasure.com\\\/wp-content\\\/uploads\\\/2023\\\/12\\\/08-scaled.jpg\",\"datePublished\":\"2023-12-08T17:13:57+00:00\",\"dateModified\":\"2025-05-07T15:09:43+00:00\",\"description\":\"Bene populiariausias pasaulyje smilkal\u0173 mi\u0161inys. I\u0161skirtinai egzoti\u0161kas kvapas sukuria ypating\u0105, teigiamai veikian\u010di\u0105 atmosfer\u0105.\",\"breadcrumb\":{\"@id\":\"https:\\\/\\\/gayatritreasure.com\\\/lt\\\/produktas\\\/nag-champa\\\/#breadcrumb\"},\"inLanguage\":\"lt-LT\",\"potentialAction\":[{\"@type\":\"ReadAction\",\"target\":[\"https:\\\/\\\/gayatritreasure.com\\\/lt\\\/produktas\\\/nag-champa\\\/\"]}]},{\"@type\":\"ImageObject\",\"inLanguage\":\"lt-LT\",\"@id\":\"https:\\\/\\\/gayatritreasure.com\\\/lt\\\/produktas\\\/nag-champa\\\/#primaryimage\",\"url\":\"https:\\\/\\\/gayatritreasure.com\\\/wp-content\\\/uploads\\\/2023\\\/12\\\/08-scaled.jpg\",\"contentUrl\":\"https:\\\/\\\/gayatritreasure.com\\\/wp-content\\\/uploads\\\/2023\\\/12\\\/08-scaled.jpg\",\"width\":1829,\"height\":2560},{\"@type\":\"BreadcrumbList\",\"@id\":\"https:\\\/\\\/gayatritreasure.com\\\/lt\\\/produktas\\\/nag-champa\\\/#breadcrumb\",\"itemListElement\":[{\"@type\":\"ListItem\",\"position\":1,\"name\":\"Home\",\"item\":\"http:\\\/\\\/gayatritreasure.com\\\/en_gb\\\/\"},{\"@type\":\"ListItem\",\"position\":2,\"name\":\"Shop\",\"item\":\"http:\\\/\\\/gayatritreasure.com\\\/en_gb\\\/shop\\\/\"},{\"@type\":\"ListItem\",\"position\":3,\"name\":\"Nag Champa\"}]},{\"@type\":\"WebSite\",\"@id\":\"http:\\\/\\\/gayatritreasure.com\\\/en_gb\\\/#website\",\"url\":\"http:\\\/\\\/gayatritreasure.com\\\/en_gb\\\/\",\"name\":\"Gayatri Treasure\",\"description\":\"\",\"potentialAction\":[{\"@type\":\"SearchAction\",\"target\":{\"@type\":\"EntryPoint\",\"urlTemplate\":\"http:\\\/\\\/gayatritreasure.com\\\/en_gb\\\/?s={search_term_string}\"},\"query-input\":{\"@type\":\"PropertyValueSpecification\",\"valueRequired\":true,\"valueName\":\"search_term_string\"}}],\"inLanguage\":\"lt-LT\"}]}<\/script>\n<!-- \/ Yoast SEO plugin. -->","yoast_head_json":{"title":"Nag Champa - Gayatri Treasure","description":"Bene populiariausias pasaulyje smilkal\u0173 mi\u0161inys. I\u0161skirtinai egzoti\u0161kas kvapas sukuria ypating\u0105, teigiamai veikian\u010di\u0105 atmosfer\u0105.","robots":{"index":"index","follow":"follow","max-snippet":"max-snippet:-1","max-image-preview":"max-image-preview:large","max-video-preview":"max-video-preview:-1"},"canonical":"https:\/\/gayatritreasure.com\/lt\/produktas\/nag-champa\/","og_locale":"lt_LT","og_type":"article","og_title":"Nag Champa - Gayatri Treasure","og_description":"Bene populiariausias pasaulyje smilkal\u0173 mi\u0161inys. I\u0161skirtinai egzoti\u0161kas kvapas sukuria ypating\u0105, teigiamai veikian\u010di\u0105 atmosfer\u0105.","og_url":"https:\/\/gayatritreasure.com\/lt\/produktas\/nag-champa\/","og_site_name":"Gayatri Treasure","article_modified_time":"2025-05-07T15:09:43+00:00","og_image":[{"width":1829,"height":2560,"url":"https:\/\/gayatritreasure.com\/wp-content\/uploads\/2023\/12\/08-scaled.jpg","type":"image\/jpeg"}],"twitter_card":"summary_large_image","twitter_misc":{"Est. reading time":"1 minut\u0117"},"schema":{"@context":"https:\/\/schema.org","@graph":[{"@type":"WebPage","@id":"https:\/\/gayatritreasure.com\/lt\/produktas\/nag-champa\/","url":"https:\/\/gayatritreasure.com\/lt\/produktas\/nag-champa\/","name":"Nag Champa - Gayatri Treasure","isPartOf":{"@id":"http:\/\/gayatritreasure.com\/en_gb\/#website"},"primaryImageOfPage":{"@id":"https:\/\/gayatritreasure.com\/lt\/produktas\/nag-champa\/#primaryimage"},"image":{"@id":"https:\/\/gayatritreasure.com\/lt\/produktas\/nag-champa\/#primaryimage"},"thumbnailUrl":"https:\/\/gayatritreasure.com\/wp-content\/uploads\/2023\/12\/08-scaled.jpg","datePublished":"2023-12-08T17:13:57+00:00","dateModified":"2025-05-07T15:09:43+00:00","description":"Bene populiariausias pasaulyje smilkal\u0173 mi\u0161inys. I\u0161skirtinai egzoti\u0161kas kvapas sukuria ypating\u0105, teigiamai veikian\u010di\u0105 atmosfer\u0105.","breadcrumb":{"@id":"https:\/\/gayatritreasure.com\/lt\/produktas\/nag-champa\/#breadcrumb"},"inLanguage":"lt-LT","potentialAction":[{"@type":"ReadAction","target":["https:\/\/gayatritreasure.com\/lt\/produktas\/nag-champa\/"]}]},{"@type":"ImageObject","inLanguage":"lt-LT","@id":"https:\/\/gayatritreasure.com\/lt\/produktas\/nag-champa\/#primaryimage","url":"https:\/\/gayatritreasure.com\/wp-content\/uploads\/2023\/12\/08-scaled.jpg","contentUrl":"https:\/\/gayatritreasure.com\/wp-content\/uploads\/2023\/12\/08-scaled.jpg","width":1829,"height":2560},{"@type":"BreadcrumbList","@id":"https:\/\/gayatritreasure.com\/lt\/produktas\/nag-champa\/#breadcrumb","itemListElement":[{"@type":"ListItem","position":1,"name":"Home","item":"http:\/\/gayatritreasure.com\/en_gb\/"},{"@type":"ListItem","position":2,"name":"Shop","item":"http:\/\/gayatritreasure.com\/en_gb\/shop\/"},{"@type":"ListItem","position":3,"name":"Nag Champa"}]},{"@type":"WebSite","@id":"http:\/\/gayatritreasure.com\/en_gb\/#website","url":"http:\/\/gayatritreasure.com\/en_gb\/","name":"Gayatri Treasure","description":"","potentialAction":[{"@type":"SearchAction","target":{"@type":"EntryPoint","urlTemplate":"http:\/\/gayatritreasure.com\/en_gb\/?s={search_term_string}"},"query-input":{"@type":"PropertyValueSpecification","valueRequired":true,"valueName":"search_term_string"}}],"inLanguage":"lt-LT"}]}},"jetpack_sharing_enabled":true,"_links":{"self":[{"href":"https:\/\/gayatritreasure.com\/lt\/wp-json\/wp\/v2\/product\/1221","targetHints":{"allow":["GET"]}}],"collection":[{"href":"https:\/\/gayatritreasure.com\/lt\/wp-json\/wp\/v2\/product"}],"about":[{"href":"https:\/\/gayatritreasure.com\/lt\/wp-json\/wp\/v2\/types\/product"}],"replies":[{"embeddable":true,"href":"https:\/\/gayatritreasure.com\/lt\/wp-json\/wp\/v2\/comments?post=1221"}],"version-history":[{"count":1,"href":"https:\/\/gayatritreasure.com\/lt\/wp-json\/wp\/v2\/product\/1221\/revisions"}],"predecessor-version":[{"id":1225,"href":"https:\/\/gayatritreasure.com\/lt\/wp-json\/wp\/v2\/product\/1221\/revisions\/1225"}],"wp:featuredmedia":[{"embeddable":true,"href":"https:\/\/gayatritreasure.com\/lt\/wp-json\/wp\/v2\/media\/1254"}],"wp:attachment":[{"href":"https:\/\/gayatritreasure.com\/lt\/wp-json\/wp\/v2\/media?parent=1221"}],"wp:term":[{"taxonomy":"product_cat","embeddable":true,"href":"https:\/\/gayatritreasure.com\/lt\/wp-json\/wp\/v2\/product_cat?post=1221"},{"taxonomy":"product_tag","embeddable":true,"href":"https:\/\/gayatritreasure.com\/lt\/wp-json\/wp\/v2\/product_tag?post=1221"}],"curies":[{"name":"wp","href":"https:\/\/api.w.org\/{rel}","templated":true}]}}