{"id":1239,"date":"2023-12-08T17:24:53","date_gmt":"2023-12-08T17:24:53","guid":{"rendered":"https:\/\/gayatritreasure.com\/?post_type=product&#038;p=1239"},"modified":"2025-04-10T00:16:38","modified_gmt":"2025-04-09T23:16:38","slug":"smilkalai-nuo-vabzdziu-su-citrinzole","status":"publish","type":"product","link":"https:\/\/gayatritreasure.com\/lt\/produktas\/smilkalai-nuo-vabzdziu-su-citrinzole\/","title":{"rendered":"Smilkalai nuo vabzd\u017ei\u0173 su citrin\u017eole"},"content":{"rendered":"<p><span style=\"font-weight: 400;\">Gra\u017ei vasaros diena gali b\u016bti pilna nuostabi\u0173 akimirk\u0173, bet nepageidaujami vabzd\u017eiai gali sugadinti bet koki\u0105 puot\u0105 ar atostog\u0173 poils\u012f.<\/span><\/p>\n<p><span style=\"font-weight: 400;\">Kvapnioji citrin\u017eol\u0117 &#8211; vienas puikiausi\u0173 augal\u0173 atbaidantis ne tik uodus, bet ir kitus vabzd\u017eius: erkes, muses, \u0161ir\u0161es, ma\u0161alus ir kitus. \u0160ie smilkalai &#8211; veiksminga priemon\u0117, kuri nenuvils ir leis m\u0117gautis ilgais vasaros vakarais be nepageidaujam\u0173 sve\u010di\u0173.<\/span><\/p>\n<p>Pakuot\u0117je 11 vnt.<\/p>","protected":false},"excerpt":{"rendered":"<p>Gra\u017ei vasaros diena gali b\u016bti pilna nuostabi\u0173 akimirk\u0173, bet nepageidaujami vabzd\u017eiai gali sugadinti bet koki\u0105 puot\u0105 ar atostog\u0173 poils\u012f. Kvapnioji citrin\u017eol\u0117 &#8211; vienas puikiausi\u0173 augal\u0173 atbaidantis ne tik uodus, bet<\/p>","protected":false},"featured_media":1344,"comment_status":"open","ping_status":"closed","template":"","meta":{"_monsterinsights_skip_tracking":false,"_monsterinsights_sitenote_active":false,"_monsterinsights_sitenote_note":"","_monsterinsights_sitenote_category":0,"_uf_show_specific_survey":0,"_uf_disable_surveys":false},"product_cat":[99],"product_tag":[],"class_list":{"0":"post-1239","1":"product","2":"type-product","3":"status-publish","4":"has-post-thumbnail","6":"product_cat-insects-incence","8":"first","9":"instock","10":"sale","11":"shipping-taxable","12":"purchasable","13":"product-type-simple"},"yoast_head":"<!-- This site is optimized with the Yoast SEO plugin v27.4 - https:\/\/yoast.com\/product\/yoast-seo-wordpress\/ -->\n<title>Smilkalai nuo vabzd\u017ei\u0173 su citrin\u017eole - Gayatri Treasure<\/title>\n<meta name=\"description\" content=\"Kvapnioji citrin\u017eol\u0117 - vienas puikiausi\u0173 augal\u0173 atbaidantis ne tik uodus, bet ir kitus vabzd\u017eius: erkes, muses, \u0161ir\u0161es, ma\u0161alus ir kitus.\" \/>\n<meta name=\"robots\" content=\"index, follow, max-snippet:-1, max-image-preview:large, max-video-preview:-1\" \/>\n<link rel=\"canonical\" href=\"http:\/\/gayatritreasure.com\/lt\/produktas\/smilkalai-nuo-vabzdziu-su-citrinzole\/\" \/>\n<meta property=\"og:locale\" content=\"lt_LT\" \/>\n<meta property=\"og:type\" content=\"article\" \/>\n<meta property=\"og:title\" content=\"Smilkalai nuo vabzd\u017ei\u0173 su citrin\u017eole - Gayatri Treasure\" \/>\n<meta property=\"og:description\" content=\"Kvapnioji citrin\u017eol\u0117 - vienas puikiausi\u0173 augal\u0173 atbaidantis ne tik uodus, bet ir kitus vabzd\u017eius: erkes, muses, \u0161ir\u0161es, ma\u0161alus ir kitus.\" \/>\n<meta property=\"og:url\" content=\"http:\/\/gayatritreasure.com\/lt\/produktas\/smilkalai-nuo-vabzdziu-su-citrinzole\/\" \/>\n<meta property=\"og:site_name\" content=\"Gayatri Treasure\" \/>\n<meta property=\"article:modified_time\" content=\"2025-04-09T23:16:38+00:00\" \/>\n<meta property=\"og:image\" content=\"http:\/\/gayatritreasure.com\/wp-content\/uploads\/2023\/12\/20230514_154328-scaled.jpg\" \/>\n\t<meta property=\"og:image:width\" content=\"1920\" \/>\n\t<meta property=\"og:image:height\" content=\"2560\" \/>\n\t<meta property=\"og:image:type\" content=\"image\/jpeg\" \/>\n<meta name=\"twitter:card\" content=\"summary_large_image\" \/>\n<meta name=\"twitter:label1\" content=\"Est. reading time\" \/>\n\t<meta name=\"twitter:data1\" content=\"1 minut\u0117\" \/>\n<script type=\"application\/ld+json\" class=\"yoast-schema-graph\">{\"@context\":\"https:\\\/\\\/schema.org\",\"@graph\":[{\"@type\":\"WebPage\",\"@id\":\"http:\\\/\\\/gayatritreasure.com\\\/lt\\\/produktas\\\/smilkalai-nuo-vabzdziu-su-citrinzole\\\/\",\"url\":\"http:\\\/\\\/gayatritreasure.com\\\/lt\\\/produktas\\\/smilkalai-nuo-vabzdziu-su-citrinzole\\\/\",\"name\":\"Smilkalai nuo vabzd\u017ei\u0173 su citrin\u017eole - Gayatri Treasure\",\"isPartOf\":{\"@id\":\"http:\\\/\\\/gayatritreasure.com\\\/en_gb\\\/#website\"},\"primaryImageOfPage\":{\"@id\":\"http:\\\/\\\/gayatritreasure.com\\\/lt\\\/produktas\\\/smilkalai-nuo-vabzdziu-su-citrinzole\\\/#primaryimage\"},\"image\":{\"@id\":\"http:\\\/\\\/gayatritreasure.com\\\/lt\\\/produktas\\\/smilkalai-nuo-vabzdziu-su-citrinzole\\\/#primaryimage\"},\"thumbnailUrl\":\"https:\\\/\\\/gayatritreasure.com\\\/wp-content\\\/uploads\\\/2023\\\/12\\\/20230514_154328-scaled.jpg\",\"datePublished\":\"2023-12-08T17:24:53+00:00\",\"dateModified\":\"2025-04-09T23:16:38+00:00\",\"description\":\"Kvapnioji citrin\u017eol\u0117 - vienas puikiausi\u0173 augal\u0173 atbaidantis ne tik uodus, bet ir kitus vabzd\u017eius: erkes, muses, \u0161ir\u0161es, ma\u0161alus ir kitus.\",\"breadcrumb\":{\"@id\":\"http:\\\/\\\/gayatritreasure.com\\\/lt\\\/produktas\\\/smilkalai-nuo-vabzdziu-su-citrinzole\\\/#breadcrumb\"},\"inLanguage\":\"lt-LT\",\"potentialAction\":[{\"@type\":\"ReadAction\",\"target\":[\"http:\\\/\\\/gayatritreasure.com\\\/lt\\\/produktas\\\/smilkalai-nuo-vabzdziu-su-citrinzole\\\/\"]}]},{\"@type\":\"ImageObject\",\"inLanguage\":\"lt-LT\",\"@id\":\"http:\\\/\\\/gayatritreasure.com\\\/lt\\\/produktas\\\/smilkalai-nuo-vabzdziu-su-citrinzole\\\/#primaryimage\",\"url\":\"https:\\\/\\\/gayatritreasure.com\\\/wp-content\\\/uploads\\\/2023\\\/12\\\/20230514_154328-scaled.jpg\",\"contentUrl\":\"https:\\\/\\\/gayatritreasure.com\\\/wp-content\\\/uploads\\\/2023\\\/12\\\/20230514_154328-scaled.jpg\",\"width\":1920,\"height\":2560},{\"@type\":\"BreadcrumbList\",\"@id\":\"http:\\\/\\\/gayatritreasure.com\\\/lt\\\/produktas\\\/smilkalai-nuo-vabzdziu-su-citrinzole\\\/#breadcrumb\",\"itemListElement\":[{\"@type\":\"ListItem\",\"position\":1,\"name\":\"Home\",\"item\":\"http:\\\/\\\/gayatritreasure.com\\\/en_gb\\\/\"},{\"@type\":\"ListItem\",\"position\":2,\"name\":\"Shop\",\"item\":\"http:\\\/\\\/gayatritreasure.com\\\/en_gb\\\/shop\\\/\"},{\"@type\":\"ListItem\",\"position\":3,\"name\":\"Smilkalai nuo vabzd\u017ei\u0173 su citrin\u017eole\"}]},{\"@type\":\"WebSite\",\"@id\":\"http:\\\/\\\/gayatritreasure.com\\\/en_gb\\\/#website\",\"url\":\"http:\\\/\\\/gayatritreasure.com\\\/en_gb\\\/\",\"name\":\"Gayatri Treasure\",\"description\":\"\",\"potentialAction\":[{\"@type\":\"SearchAction\",\"target\":{\"@type\":\"EntryPoint\",\"urlTemplate\":\"http:\\\/\\\/gayatritreasure.com\\\/en_gb\\\/?s={search_term_string}\"},\"query-input\":{\"@type\":\"PropertyValueSpecification\",\"valueRequired\":true,\"valueName\":\"search_term_string\"}}],\"inLanguage\":\"lt-LT\"}]}<\/script>\n<!-- \/ Yoast SEO plugin. -->","yoast_head_json":{"title":"Smilkalai nuo vabzd\u017ei\u0173 su citrin\u017eole - Gayatri Treasure","description":"Kvapnioji citrin\u017eol\u0117 - vienas puikiausi\u0173 augal\u0173 atbaidantis ne tik uodus, bet ir kitus vabzd\u017eius: erkes, muses, \u0161ir\u0161es, ma\u0161alus ir kitus.","robots":{"index":"index","follow":"follow","max-snippet":"max-snippet:-1","max-image-preview":"max-image-preview:large","max-video-preview":"max-video-preview:-1"},"canonical":"http:\/\/gayatritreasure.com\/lt\/produktas\/smilkalai-nuo-vabzdziu-su-citrinzole\/","og_locale":"lt_LT","og_type":"article","og_title":"Smilkalai nuo vabzd\u017ei\u0173 su citrin\u017eole - Gayatri Treasure","og_description":"Kvapnioji citrin\u017eol\u0117 - vienas puikiausi\u0173 augal\u0173 atbaidantis ne tik uodus, bet ir kitus vabzd\u017eius: erkes, muses, \u0161ir\u0161es, ma\u0161alus ir kitus.","og_url":"http:\/\/gayatritreasure.com\/lt\/produktas\/smilkalai-nuo-vabzdziu-su-citrinzole\/","og_site_name":"Gayatri Treasure","article_modified_time":"2025-04-09T23:16:38+00:00","og_image":[{"width":1920,"height":2560,"url":"http:\/\/gayatritreasure.com\/wp-content\/uploads\/2023\/12\/20230514_154328-scaled.jpg","type":"image\/jpeg"}],"twitter_card":"summary_large_image","twitter_misc":{"Est. reading time":"1 minut\u0117"},"schema":{"@context":"https:\/\/schema.org","@graph":[{"@type":"WebPage","@id":"http:\/\/gayatritreasure.com\/lt\/produktas\/smilkalai-nuo-vabzdziu-su-citrinzole\/","url":"http:\/\/gayatritreasure.com\/lt\/produktas\/smilkalai-nuo-vabzdziu-su-citrinzole\/","name":"Smilkalai nuo vabzd\u017ei\u0173 su citrin\u017eole - Gayatri Treasure","isPartOf":{"@id":"http:\/\/gayatritreasure.com\/en_gb\/#website"},"primaryImageOfPage":{"@id":"http:\/\/gayatritreasure.com\/lt\/produktas\/smilkalai-nuo-vabzdziu-su-citrinzole\/#primaryimage"},"image":{"@id":"http:\/\/gayatritreasure.com\/lt\/produktas\/smilkalai-nuo-vabzdziu-su-citrinzole\/#primaryimage"},"thumbnailUrl":"https:\/\/gayatritreasure.com\/wp-content\/uploads\/2023\/12\/20230514_154328-scaled.jpg","datePublished":"2023-12-08T17:24:53+00:00","dateModified":"2025-04-09T23:16:38+00:00","description":"Kvapnioji citrin\u017eol\u0117 - vienas puikiausi\u0173 augal\u0173 atbaidantis ne tik uodus, bet ir kitus vabzd\u017eius: erkes, muses, \u0161ir\u0161es, ma\u0161alus ir kitus.","breadcrumb":{"@id":"http:\/\/gayatritreasure.com\/lt\/produktas\/smilkalai-nuo-vabzdziu-su-citrinzole\/#breadcrumb"},"inLanguage":"lt-LT","potentialAction":[{"@type":"ReadAction","target":["http:\/\/gayatritreasure.com\/lt\/produktas\/smilkalai-nuo-vabzdziu-su-citrinzole\/"]}]},{"@type":"ImageObject","inLanguage":"lt-LT","@id":"http:\/\/gayatritreasure.com\/lt\/produktas\/smilkalai-nuo-vabzdziu-su-citrinzole\/#primaryimage","url":"https:\/\/gayatritreasure.com\/wp-content\/uploads\/2023\/12\/20230514_154328-scaled.jpg","contentUrl":"https:\/\/gayatritreasure.com\/wp-content\/uploads\/2023\/12\/20230514_154328-scaled.jpg","width":1920,"height":2560},{"@type":"BreadcrumbList","@id":"http:\/\/gayatritreasure.com\/lt\/produktas\/smilkalai-nuo-vabzdziu-su-citrinzole\/#breadcrumb","itemListElement":[{"@type":"ListItem","position":1,"name":"Home","item":"http:\/\/gayatritreasure.com\/en_gb\/"},{"@type":"ListItem","position":2,"name":"Shop","item":"http:\/\/gayatritreasure.com\/en_gb\/shop\/"},{"@type":"ListItem","position":3,"name":"Smilkalai nuo vabzd\u017ei\u0173 su citrin\u017eole"}]},{"@type":"WebSite","@id":"http:\/\/gayatritreasure.com\/en_gb\/#website","url":"http:\/\/gayatritreasure.com\/en_gb\/","name":"Gayatri Treasure","description":"","potentialAction":[{"@type":"SearchAction","target":{"@type":"EntryPoint","urlTemplate":"http:\/\/gayatritreasure.com\/en_gb\/?s={search_term_string}"},"query-input":{"@type":"PropertyValueSpecification","valueRequired":true,"valueName":"search_term_string"}}],"inLanguage":"lt-LT"}]}},"jetpack_sharing_enabled":true,"_links":{"self":[{"href":"https:\/\/gayatritreasure.com\/lt\/wp-json\/wp\/v2\/product\/1239","targetHints":{"allow":["GET"]}}],"collection":[{"href":"https:\/\/gayatritreasure.com\/lt\/wp-json\/wp\/v2\/product"}],"about":[{"href":"https:\/\/gayatritreasure.com\/lt\/wp-json\/wp\/v2\/types\/product"}],"replies":[{"embeddable":true,"href":"https:\/\/gayatritreasure.com\/lt\/wp-json\/wp\/v2\/comments?post=1239"}],"version-history":[{"count":1,"href":"https:\/\/gayatritreasure.com\/lt\/wp-json\/wp\/v2\/product\/1239\/revisions"}],"predecessor-version":[{"id":1240,"href":"https:\/\/gayatritreasure.com\/lt\/wp-json\/wp\/v2\/product\/1239\/revisions\/1240"}],"wp:featuredmedia":[{"embeddable":true,"href":"https:\/\/gayatritreasure.com\/lt\/wp-json\/wp\/v2\/media\/1344"}],"wp:attachment":[{"href":"https:\/\/gayatritreasure.com\/lt\/wp-json\/wp\/v2\/media?parent=1239"}],"wp:term":[{"taxonomy":"product_cat","embeddable":true,"href":"https:\/\/gayatritreasure.com\/lt\/wp-json\/wp\/v2\/product_cat?post=1239"},{"taxonomy":"product_tag","embeddable":true,"href":"https:\/\/gayatritreasure.com\/lt\/wp-json\/wp\/v2\/product_tag?post=1239"}],"curies":[{"name":"wp","href":"https:\/\/api.w.org\/{rel}","templated":true}]}}