{"id":1244,"date":"2023-12-08T17:38:41","date_gmt":"2023-12-08T17:38:41","guid":{"rendered":"https:\/\/gayatritreasure.com\/?post_type=product&#038;p=1244"},"modified":"2025-05-07T16:09:11","modified_gmt":"2025-05-07T15:09:11","slug":"boswellia-serrata","status":"publish","type":"product","link":"https:\/\/gayatritreasure.com\/lt\/produktas\/boswellia-serrata\/","title":{"rendered":"Frankincensas (Boswellia Serrata)"},"content":{"rendered":"<p><span style=\"font-weight: 400;\">Frankincenso (Bosvelij\u0173 sakai) &#8211; dar kitaip vadinamo ladanu, prekyba vyksta jau bent 5000 met\u0173. Babilonie\u010diai, asirai, egiptie\u010diai, rom\u0117nai, graikai ir kitos kult\u016bros naudojo frankincens\u0105 religin\u0117se ceremonijose, medicinoje, ir kaip aromatin\u0117 priemon\u0117. Geriausiai \u017einomas kaip viena i\u0161 trij\u0173 dovan\u0173, kurias i\u0161min\u010diai atne\u0161\u0117 gimusiam Kristui. Buvo tikima, kad vienintelis dalykas, galintis \u012fveikti fizin\u012f barjer\u0105 tarp \u017eem\u0117s ir dangaus, yra smilkal\u0173 d\u016bmas, tod\u0117l buvo naudojamas smilkant kaip auka dievams. Egiptiet\u0117s naudojo kosmetikoje, nuo sen\u0173 laik\u0173 iki dabar naudojamas \u012fvairiausi\u0173 vabzd\u017ei\u0173 atbaidymui. Rom\u0117nai ir graikai naudojo nam\u0173 kv\u0117pinimui, Omane iki \u0161i\u0173 dien\u0173 labai paplit\u0119s naudojimas drabu\u017ei\u0173 kv\u0117pinimui.\u00a0<\/span><\/p>\n<p><b>Emocinis poveikis:<\/b><\/p>\n<p><span style=\"font-weight: 400;\">Tradici\u0161kai frankincensas naudotas energetiniam apvalymui nuo agregor\u0173, manij\u0173, baimi\u0173, nerimo, kad i\u0161vengti j\u0173 manifestavimosi \u012f fizines negalias. Senuosiuose ra\u0161tuose daug kur minima, jog frankincensas sugeba i\u0161valyti dvasi\u0105 nuo negatyvumo, tamsos sujungdamas dvasi\u0105 su vidine \u0161viesa. J\u012f galima naudoti esant nervinei \u012ftampai, emociniam i\u0161sekimui, jis pagerins nuotaik\u0105, nuramins mintis. Frankincensas taip pat padeda susikoncentruoti, pasiekti auk\u0161tesn\u012f s\u0105moningum\u0105.<\/span><\/p>\n<p><b>Naudojimo instrukcijos:<\/b><\/p>\n<p><span style=\"font-weight: 400;\">U\u017edekite anglies tablet\u0119 ir \u012fd\u0117kite \u012f degimo ind\u0105. Deginimui naudokite saug\u0173, atspar\u0173 kar\u0161\u010diui\u00a0 ind\u0105. Palaukite, kol anglis pasidengs pilk\u0161vai balta danga ir pilnai \u012fkais. Tai u\u017etrunka apie 5-10 minu\u010di\u0173. Taip pat galite naudoti \u017earijas i\u0161 lau\u017eo ar \u017eidinio.<\/span><\/p>\n<p><span style=\"font-weight: 400;\">Paimkite frankincenso gabal\u0117l\u012f ir pad\u0117kite ant \u012fkaitusios anglies tablet\u0117s arba kar\u0161t\u0173 \u017earij\u0173.<\/span><\/p>\n<p><span style=\"font-weight: 400;\">Palaukite kelias sekundes, kol frankincensas prad\u0117s smilkti. Gabal\u0117liui susmilkus u\u017ed\u0117kite daugiau sak\u0173 pagal poreik\u012f.<\/span><\/p>\n<p><span style=\"font-weight: 400;\">Saugos Priemon\u0117s:<\/span><\/p>\n<p><span style=\"font-weight: 400;\">U\u017etikrinkite, kad degimo indas stov\u0117s ant saugaus pavir\u0161iaus. Baig\u0119 smilkymo ritual\u0105 prie\u0161 i\u0161mesdami pelenus \u012fsitikinkite kad angliukas yra pilnai sudeg\u0119s. B\u016bkite budr\u016bs ir m\u0117gaukit\u0117s \u0161ia senov\u0117s praktika atid\u017eiai ir saugiai.<\/span><\/p>","protected":false},"excerpt":{"rendered":"<p><span style=\"font-weight: 400;\">Frankincenso (Bosvelij\u0173 sakai) &#8211; dar kitaip vadinamo ladanu, prekyba vyksta jau bent 5000 met\u0173. Babilonie\u010diai, asirai, egiptie\u010diai, rom\u0117nai, graikai ir kitos kult\u016bros naudojo frankincens\u0105 religin\u0117se ceremonijose, medicinoje, ir kaip aromatin\u0117 priemon\u0117. Geriausiai \u017einomas kaip viena i\u0161 trij\u0173 dovan\u0173, kurias i\u0161min\u010diai atne\u0161\u0117 gimusiam Kristui. Buvo tikima, kad vienintelis dalykas, galintis \u012fveikti fizin\u012f barjer\u0105 tarp \u017eem\u0117s ir dangaus, yra smilkal\u0173 d\u016bmas, tod\u0117l buvo naudojamas smilkant kaip auka dievams. Egiptiet\u0117s naudojo kosmetikoje, nuo sen\u0173 laik\u0173 iki dabar naudojamas \u012fvairiausi\u0173 vabzd\u017ei\u0173 atbaidymui. Rom\u0117nai ir graikai naudojo nam\u0173 kv\u0117pinimui, Omane iki \u0161i\u0173 dien\u0173 labai paplit\u0119s naudojimas drabu\u017ei\u0173 kv\u0117pinimui.\u00a0<\/span><\/p>","protected":false},"featured_media":0,"comment_status":"open","ping_status":"closed","template":"","meta":{"_monsterinsights_skip_tracking":false,"_monsterinsights_sitenote_active":false,"_monsterinsights_sitenote_note":"","_monsterinsights_sitenote_category":0,"_uf_show_specific_survey":0,"_uf_disable_surveys":false},"product_cat":[94],"product_tag":[],"class_list":{"0":"post-1244","1":"product","2":"type-product","3":"status-publish","5":"product_cat-incence-resin","7":"first","8":"instock","9":"shipping-taxable","10":"purchasable","11":"product-type-variable"},"yoast_head":"<!-- This site is optimized with the Yoast SEO plugin v27.4 - https:\/\/yoast.com\/product\/yoast-seo-wordpress\/ -->\n<title>Frankincensas (Boswellia Serrata) - Gayatri Treasure<\/title>\n<meta name=\"description\" content=\"Geriausiai \u017einomas kaip viena i\u0161 trij\u0173 dovan\u0173, kurias i\u0161min\u010diai atne\u0161\u0117 gimusiam Kristui.\" \/>\n<meta name=\"robots\" content=\"index, follow, max-snippet:-1, max-image-preview:large, max-video-preview:-1\" \/>\n<link rel=\"canonical\" href=\"http:\/\/gayatritreasure.com\/lt\/produktas\/boswellia-serrata\/\" \/>\n<meta property=\"og:locale\" content=\"lt_LT\" \/>\n<meta property=\"og:type\" content=\"article\" \/>\n<meta property=\"og:title\" content=\"Frankincensas (Boswellia Serrata) - Gayatri Treasure\" \/>\n<meta property=\"og:description\" content=\"Geriausiai \u017einomas kaip viena i\u0161 trij\u0173 dovan\u0173, kurias i\u0161min\u010diai atne\u0161\u0117 gimusiam Kristui.\" \/>\n<meta property=\"og:url\" content=\"http:\/\/gayatritreasure.com\/lt\/produktas\/boswellia-serrata\/\" \/>\n<meta property=\"og:site_name\" content=\"Gayatri Treasure\" \/>\n<meta property=\"article:modified_time\" content=\"2025-05-07T15:09:11+00:00\" \/>\n<meta name=\"twitter:card\" content=\"summary_large_image\" \/>\n<meta name=\"twitter:label1\" content=\"Est. reading time\" \/>\n\t<meta name=\"twitter:data1\" content=\"2 minut\u0117s\" \/>\n<script type=\"application\/ld+json\" class=\"yoast-schema-graph\">{\"@context\":\"https:\\\/\\\/schema.org\",\"@graph\":[{\"@type\":\"WebPage\",\"@id\":\"http:\\\/\\\/gayatritreasure.com\\\/lt\\\/produktas\\\/boswellia-serrata\\\/\",\"url\":\"http:\\\/\\\/gayatritreasure.com\\\/lt\\\/produktas\\\/boswellia-serrata\\\/\",\"name\":\"Frankincensas (Boswellia Serrata) - Gayatri Treasure\",\"isPartOf\":{\"@id\":\"http:\\\/\\\/gayatritreasure.com\\\/en_gb\\\/#website\"},\"datePublished\":\"2023-12-08T17:38:41+00:00\",\"dateModified\":\"2025-05-07T15:09:11+00:00\",\"description\":\"Geriausiai \u017einomas kaip viena i\u0161 trij\u0173 dovan\u0173, kurias i\u0161min\u010diai atne\u0161\u0117 gimusiam Kristui.\",\"breadcrumb\":{\"@id\":\"http:\\\/\\\/gayatritreasure.com\\\/lt\\\/produktas\\\/boswellia-serrata\\\/#breadcrumb\"},\"inLanguage\":\"lt-LT\",\"potentialAction\":[{\"@type\":\"ReadAction\",\"target\":[\"http:\\\/\\\/gayatritreasure.com\\\/lt\\\/produktas\\\/boswellia-serrata\\\/\"]}]},{\"@type\":\"BreadcrumbList\",\"@id\":\"http:\\\/\\\/gayatritreasure.com\\\/lt\\\/produktas\\\/boswellia-serrata\\\/#breadcrumb\",\"itemListElement\":[{\"@type\":\"ListItem\",\"position\":1,\"name\":\"Home\",\"item\":\"http:\\\/\\\/gayatritreasure.com\\\/en_gb\\\/\"},{\"@type\":\"ListItem\",\"position\":2,\"name\":\"Shop\",\"item\":\"http:\\\/\\\/gayatritreasure.com\\\/en_gb\\\/shop\\\/\"},{\"@type\":\"ListItem\",\"position\":3,\"name\":\"Frankincensas (Boswellia Serrata)\"}]},{\"@type\":\"WebSite\",\"@id\":\"http:\\\/\\\/gayatritreasure.com\\\/en_gb\\\/#website\",\"url\":\"http:\\\/\\\/gayatritreasure.com\\\/en_gb\\\/\",\"name\":\"Gayatri Treasure\",\"description\":\"\",\"potentialAction\":[{\"@type\":\"SearchAction\",\"target\":{\"@type\":\"EntryPoint\",\"urlTemplate\":\"http:\\\/\\\/gayatritreasure.com\\\/en_gb\\\/?s={search_term_string}\"},\"query-input\":{\"@type\":\"PropertyValueSpecification\",\"valueRequired\":true,\"valueName\":\"search_term_string\"}}],\"inLanguage\":\"lt-LT\"}]}<\/script>\n<!-- \/ Yoast SEO plugin. -->","yoast_head_json":{"title":"Frankincensas (Boswellia Serrata) - Gayatri Treasure","description":"Geriausiai \u017einomas kaip viena i\u0161 trij\u0173 dovan\u0173, kurias i\u0161min\u010diai atne\u0161\u0117 gimusiam Kristui.","robots":{"index":"index","follow":"follow","max-snippet":"max-snippet:-1","max-image-preview":"max-image-preview:large","max-video-preview":"max-video-preview:-1"},"canonical":"http:\/\/gayatritreasure.com\/lt\/produktas\/boswellia-serrata\/","og_locale":"lt_LT","og_type":"article","og_title":"Frankincensas (Boswellia Serrata) - Gayatri Treasure","og_description":"Geriausiai \u017einomas kaip viena i\u0161 trij\u0173 dovan\u0173, kurias i\u0161min\u010diai atne\u0161\u0117 gimusiam Kristui.","og_url":"http:\/\/gayatritreasure.com\/lt\/produktas\/boswellia-serrata\/","og_site_name":"Gayatri Treasure","article_modified_time":"2025-05-07T15:09:11+00:00","twitter_card":"summary_large_image","twitter_misc":{"Est. reading time":"2 minut\u0117s"},"schema":{"@context":"https:\/\/schema.org","@graph":[{"@type":"WebPage","@id":"http:\/\/gayatritreasure.com\/lt\/produktas\/boswellia-serrata\/","url":"http:\/\/gayatritreasure.com\/lt\/produktas\/boswellia-serrata\/","name":"Frankincensas (Boswellia Serrata) - Gayatri Treasure","isPartOf":{"@id":"http:\/\/gayatritreasure.com\/en_gb\/#website"},"datePublished":"2023-12-08T17:38:41+00:00","dateModified":"2025-05-07T15:09:11+00:00","description":"Geriausiai \u017einomas kaip viena i\u0161 trij\u0173 dovan\u0173, kurias i\u0161min\u010diai atne\u0161\u0117 gimusiam Kristui.","breadcrumb":{"@id":"http:\/\/gayatritreasure.com\/lt\/produktas\/boswellia-serrata\/#breadcrumb"},"inLanguage":"lt-LT","potentialAction":[{"@type":"ReadAction","target":["http:\/\/gayatritreasure.com\/lt\/produktas\/boswellia-serrata\/"]}]},{"@type":"BreadcrumbList","@id":"http:\/\/gayatritreasure.com\/lt\/produktas\/boswellia-serrata\/#breadcrumb","itemListElement":[{"@type":"ListItem","position":1,"name":"Home","item":"http:\/\/gayatritreasure.com\/en_gb\/"},{"@type":"ListItem","position":2,"name":"Shop","item":"http:\/\/gayatritreasure.com\/en_gb\/shop\/"},{"@type":"ListItem","position":3,"name":"Frankincensas (Boswellia Serrata)"}]},{"@type":"WebSite","@id":"http:\/\/gayatritreasure.com\/en_gb\/#website","url":"http:\/\/gayatritreasure.com\/en_gb\/","name":"Gayatri Treasure","description":"","potentialAction":[{"@type":"SearchAction","target":{"@type":"EntryPoint","urlTemplate":"http:\/\/gayatritreasure.com\/en_gb\/?s={search_term_string}"},"query-input":{"@type":"PropertyValueSpecification","valueRequired":true,"valueName":"search_term_string"}}],"inLanguage":"lt-LT"}]}},"jetpack_sharing_enabled":true,"_links":{"self":[{"href":"https:\/\/gayatritreasure.com\/lt\/wp-json\/wp\/v2\/product\/1244","targetHints":{"allow":["GET"]}}],"collection":[{"href":"https:\/\/gayatritreasure.com\/lt\/wp-json\/wp\/v2\/product"}],"about":[{"href":"https:\/\/gayatritreasure.com\/lt\/wp-json\/wp\/v2\/types\/product"}],"replies":[{"embeddable":true,"href":"https:\/\/gayatritreasure.com\/lt\/wp-json\/wp\/v2\/comments?post=1244"}],"version-history":[{"count":3,"href":"https:\/\/gayatritreasure.com\/lt\/wp-json\/wp\/v2\/product\/1244\/revisions"}],"predecessor-version":[{"id":1333,"href":"https:\/\/gayatritreasure.com\/lt\/wp-json\/wp\/v2\/product\/1244\/revisions\/1333"}],"wp:attachment":[{"href":"https:\/\/gayatritreasure.com\/lt\/wp-json\/wp\/v2\/media?parent=1244"}],"wp:term":[{"taxonomy":"product_cat","embeddable":true,"href":"https:\/\/gayatritreasure.com\/lt\/wp-json\/wp\/v2\/product_cat?post=1244"},{"taxonomy":"product_tag","embeddable":true,"href":"https:\/\/gayatritreasure.com\/lt\/wp-json\/wp\/v2\/product_tag?post=1244"}],"curies":[{"name":"wp","href":"https:\/\/api.w.org\/{rel}","templated":true}]}}