{"id":1360,"date":"2023-12-12T08:52:47","date_gmt":"2023-12-12T08:52:47","guid":{"rendered":"https:\/\/gayatritreasure.com\/?post_type=product&#038;p=1360"},"modified":"2025-04-10T00:15:50","modified_gmt":"2025-04-09T23:15:50","slug":"damaro-aromatines-dervos","status":"publish","type":"product","link":"https:\/\/gayatritreasure.com\/lt\/produktas\/damaro-aromatines-dervos\/","title":{"rendered":"DAMARO AROMATIN\u0116S DERVOS"},"content":{"rendered":"<p><span style=\"font-weight: 400;\">R\u016b\u0161is: Shorea Weisneri<\/span><\/p>\n<p><span style=\"font-weight: 400;\">Kilm\u0117s \u0161alis: Indonezija<\/span><\/p>\n<p><span style=\"font-weight: 400;\">\u017dodis dammar rei\u0161kia \u201e\u0161viesa\u201c. \u0160ie smilkalai nuostabiai pakelia nuotaik\u0105.<\/span><span style=\"font-weight: 400;\"><br \/>\n<\/span><span style=\"font-weight: 400;\">Teigiama, kad Damaro derva ypa\u010d naudinga kovojant su li\u016bdesiu, depresija ir melancholija. Tradici\u0161kai deginamas dvasiniais ir apsivalymo tikslais.\u00a0 Pasi\u017eymi ry\u0161kiomis citrusini\u0173 vaisi\u0173, medienos, pankolio natomis.<\/span><\/p>\n<p><b>Naudojimo instrukcijos:<\/b><\/p>\n<p><span style=\"font-weight: 400;\">U\u017edekite anglies tablet\u0119 ir \u012fd\u0117kite \u012f degimo ind\u0105. Deginimui naudokite saug\u0173, atspar\u0173 kar\u0161\u010diui\u00a0 ind\u0105. Palaukite, kol anglis pasidengs pilk\u0161vai balta danga ir pilnai \u012fkais. Tai u\u017etrunka apie 5-10 minu\u010di\u0173. Taip pat galite naudoti \u017earijas i\u0161 lau\u017eo ar \u017eidinio.<\/span><\/p>\n<p><span style=\"font-weight: 400;\">Paimkite damaro derv\u0173 gabal\u0117l\u012f ir u\u017ed\u0117kite ant \u012fkaitusios anglies tablet\u0117s arba kar\u0161t\u0173 \u017earij\u0173.<\/span><\/p>\n<p><span style=\"font-weight: 400;\">Palaukite kelias sekundes, kol damaras prad\u0117s smilkti. Gabal\u0117liams susmilkus u\u017ed\u0117kite daugiau sak\u0173 pagal poreik\u012f.<\/span><\/p>\n<p><span style=\"font-weight: 400;\">Saugos Priemon\u0117s:<\/span><\/p>\n<p><span style=\"font-weight: 400;\">U\u017etikrinkite, kad degimo indas stov\u0117s ant saugaus pavir\u0161iaus. Baig\u0119 smilkymo ritual\u0105 prie\u0161 i\u0161mesdami pelenus \u012fsitikinkite kad angliukas yra pilnai sudeg\u0119s. B\u016bkite budr\u016bs ir m\u0117gaukit\u0117s \u0161ia senov\u0117s praktika atid\u017eiai ir saugiai.<\/span><\/p>","protected":false},"excerpt":{"rendered":"<p>R\u016b\u0161is: Shorea Weisneri Kilm\u0117s \u0161alis: Indonezija \u017dodis dammar rei\u0161kia \u201e\u0161viesa\u201c. \u0160ie smilkalai nuostabiai pakelia nuotaik\u0105. Teigiama, kad Damaro derva ypa\u010d naudinga kovojant su li\u016bdesiu, depresija ir melancholija. Tradici\u0161kai deginamas dvasiniais<\/p>","protected":false},"featured_media":1361,"comment_status":"open","ping_status":"closed","template":"","meta":{"_monsterinsights_skip_tracking":false,"_monsterinsights_sitenote_active":false,"_monsterinsights_sitenote_note":"","_monsterinsights_sitenote_category":0,"_uf_show_specific_survey":0,"_uf_disable_surveys":false},"product_cat":[70,94,18],"product_tag":[],"class_list":{"0":"post-1360","1":"product","2":"type-product","3":"status-publish","4":"has-post-thumbnail","6":"product_cat-kvapai","7":"product_cat-incence-resin","8":"product_cat-uncategorized","10":"first","11":"instock","12":"shipping-taxable","13":"purchasable","14":"product-type-variable"},"yoast_head":"<!-- This site is optimized with the Yoast SEO plugin v27.4 - https:\/\/yoast.com\/product\/yoast-seo-wordpress\/ -->\n<title>DAMARO AROMATIN\u0116S DERVOS - Gayatri Treasure<\/title>\n<meta name=\"description\" content=\"\u0160ie smilkalai nuostabiai pakelia nuotaik\u0105. Teigiama, kad Damaro derva ypa\u010d naudinga kovojant su li\u016bdesiu, depresija ir melancholija. Tradici\u0161kai deginamas dvasiniais ir apsivalymo tikslais.\u00a0 Pasi\u017eymi ry\u0161kiomis citrusini\u0173 vaisi\u0173, medienos, pankolio natomis.\" \/>\n<meta name=\"robots\" content=\"index, follow, max-snippet:-1, max-image-preview:large, max-video-preview:-1\" \/>\n<link rel=\"canonical\" href=\"http:\/\/gayatritreasure.com\/lt\/produktas\/damaro-aromatines-dervos\/\" \/>\n<meta property=\"og:locale\" content=\"lt_LT\" \/>\n<meta property=\"og:type\" content=\"article\" \/>\n<meta property=\"og:title\" content=\"DAMARO AROMATIN\u0116S DERVOS - Gayatri Treasure\" \/>\n<meta property=\"og:description\" content=\"\u0160ie smilkalai nuostabiai pakelia nuotaik\u0105. Teigiama, kad Damaro derva ypa\u010d naudinga kovojant su li\u016bdesiu, depresija ir melancholija. Tradici\u0161kai deginamas dvasiniais ir apsivalymo tikslais.\u00a0 Pasi\u017eymi ry\u0161kiomis citrusini\u0173 vaisi\u0173, medienos, pankolio natomis.\" \/>\n<meta property=\"og:url\" content=\"http:\/\/gayatritreasure.com\/lt\/produktas\/damaro-aromatines-dervos\/\" \/>\n<meta property=\"og:site_name\" content=\"Gayatri Treasure\" \/>\n<meta property=\"article:modified_time\" content=\"2025-04-09T23:15:50+00:00\" \/>\n<meta property=\"og:image\" content=\"http:\/\/gayatritreasure.com\/wp-content\/uploads\/2023\/12\/PB220142-scaled.jpg\" \/>\n\t<meta property=\"og:image:width\" content=\"1920\" \/>\n\t<meta property=\"og:image:height\" content=\"2560\" \/>\n\t<meta property=\"og:image:type\" content=\"image\/jpeg\" \/>\n<meta name=\"twitter:card\" content=\"summary_large_image\" \/>\n<meta name=\"twitter:label1\" content=\"Est. reading time\" \/>\n\t<meta name=\"twitter:data1\" content=\"1 minut\u0117\" \/>\n<script type=\"application\/ld+json\" class=\"yoast-schema-graph\">{\"@context\":\"https:\\\/\\\/schema.org\",\"@graph\":[{\"@type\":\"WebPage\",\"@id\":\"http:\\\/\\\/gayatritreasure.com\\\/lt\\\/produktas\\\/damaro-aromatines-dervos\\\/\",\"url\":\"http:\\\/\\\/gayatritreasure.com\\\/lt\\\/produktas\\\/damaro-aromatines-dervos\\\/\",\"name\":\"DAMARO AROMATIN\u0116S DERVOS - Gayatri Treasure\",\"isPartOf\":{\"@id\":\"http:\\\/\\\/gayatritreasure.com\\\/en_gb\\\/#website\"},\"primaryImageOfPage\":{\"@id\":\"http:\\\/\\\/gayatritreasure.com\\\/lt\\\/produktas\\\/damaro-aromatines-dervos\\\/#primaryimage\"},\"image\":{\"@id\":\"http:\\\/\\\/gayatritreasure.com\\\/lt\\\/produktas\\\/damaro-aromatines-dervos\\\/#primaryimage\"},\"thumbnailUrl\":\"https:\\\/\\\/gayatritreasure.com\\\/wp-content\\\/uploads\\\/2023\\\/12\\\/PB220142-scaled.jpg\",\"datePublished\":\"2023-12-12T08:52:47+00:00\",\"dateModified\":\"2025-04-09T23:15:50+00:00\",\"description\":\"\u0160ie smilkalai nuostabiai pakelia nuotaik\u0105. Teigiama, kad Damaro derva ypa\u010d naudinga kovojant su li\u016bdesiu, depresija ir melancholija. Tradici\u0161kai deginamas dvasiniais ir apsivalymo tikslais.\u00a0 Pasi\u017eymi ry\u0161kiomis citrusini\u0173 vaisi\u0173, medienos, pankolio natomis.\",\"breadcrumb\":{\"@id\":\"http:\\\/\\\/gayatritreasure.com\\\/lt\\\/produktas\\\/damaro-aromatines-dervos\\\/#breadcrumb\"},\"inLanguage\":\"lt-LT\",\"potentialAction\":[{\"@type\":\"ReadAction\",\"target\":[\"http:\\\/\\\/gayatritreasure.com\\\/lt\\\/produktas\\\/damaro-aromatines-dervos\\\/\"]}]},{\"@type\":\"ImageObject\",\"inLanguage\":\"lt-LT\",\"@id\":\"http:\\\/\\\/gayatritreasure.com\\\/lt\\\/produktas\\\/damaro-aromatines-dervos\\\/#primaryimage\",\"url\":\"https:\\\/\\\/gayatritreasure.com\\\/wp-content\\\/uploads\\\/2023\\\/12\\\/PB220142-scaled.jpg\",\"contentUrl\":\"https:\\\/\\\/gayatritreasure.com\\\/wp-content\\\/uploads\\\/2023\\\/12\\\/PB220142-scaled.jpg\",\"width\":1920,\"height\":2560},{\"@type\":\"BreadcrumbList\",\"@id\":\"http:\\\/\\\/gayatritreasure.com\\\/lt\\\/produktas\\\/damaro-aromatines-dervos\\\/#breadcrumb\",\"itemListElement\":[{\"@type\":\"ListItem\",\"position\":1,\"name\":\"Home\",\"item\":\"http:\\\/\\\/gayatritreasure.com\\\/en_gb\\\/\"},{\"@type\":\"ListItem\",\"position\":2,\"name\":\"Shop\",\"item\":\"http:\\\/\\\/gayatritreasure.com\\\/en_gb\\\/shop\\\/\"},{\"@type\":\"ListItem\",\"position\":3,\"name\":\"DAMARO AROMATIN\u0116S DERVOS\"}]},{\"@type\":\"WebSite\",\"@id\":\"http:\\\/\\\/gayatritreasure.com\\\/en_gb\\\/#website\",\"url\":\"http:\\\/\\\/gayatritreasure.com\\\/en_gb\\\/\",\"name\":\"Gayatri Treasure\",\"description\":\"\",\"potentialAction\":[{\"@type\":\"SearchAction\",\"target\":{\"@type\":\"EntryPoint\",\"urlTemplate\":\"http:\\\/\\\/gayatritreasure.com\\\/en_gb\\\/?s={search_term_string}\"},\"query-input\":{\"@type\":\"PropertyValueSpecification\",\"valueRequired\":true,\"valueName\":\"search_term_string\"}}],\"inLanguage\":\"lt-LT\"}]}<\/script>\n<!-- \/ Yoast SEO plugin. -->","yoast_head_json":{"title":"DAMARO AROMATIN\u0116S DERVOS - Gayatri Treasure","description":"\u0160ie smilkalai nuostabiai pakelia nuotaik\u0105. Teigiama, kad Damaro derva ypa\u010d naudinga kovojant su li\u016bdesiu, depresija ir melancholija. Tradici\u0161kai deginamas dvasiniais ir apsivalymo tikslais.\u00a0 Pasi\u017eymi ry\u0161kiomis citrusini\u0173 vaisi\u0173, medienos, pankolio natomis.","robots":{"index":"index","follow":"follow","max-snippet":"max-snippet:-1","max-image-preview":"max-image-preview:large","max-video-preview":"max-video-preview:-1"},"canonical":"http:\/\/gayatritreasure.com\/lt\/produktas\/damaro-aromatines-dervos\/","og_locale":"lt_LT","og_type":"article","og_title":"DAMARO AROMATIN\u0116S DERVOS - Gayatri Treasure","og_description":"\u0160ie smilkalai nuostabiai pakelia nuotaik\u0105. Teigiama, kad Damaro derva ypa\u010d naudinga kovojant su li\u016bdesiu, depresija ir melancholija. Tradici\u0161kai deginamas dvasiniais ir apsivalymo tikslais.\u00a0 Pasi\u017eymi ry\u0161kiomis citrusini\u0173 vaisi\u0173, medienos, pankolio natomis.","og_url":"http:\/\/gayatritreasure.com\/lt\/produktas\/damaro-aromatines-dervos\/","og_site_name":"Gayatri Treasure","article_modified_time":"2025-04-09T23:15:50+00:00","og_image":[{"width":1920,"height":2560,"url":"http:\/\/gayatritreasure.com\/wp-content\/uploads\/2023\/12\/PB220142-scaled.jpg","type":"image\/jpeg"}],"twitter_card":"summary_large_image","twitter_misc":{"Est. reading time":"1 minut\u0117"},"schema":{"@context":"https:\/\/schema.org","@graph":[{"@type":"WebPage","@id":"http:\/\/gayatritreasure.com\/lt\/produktas\/damaro-aromatines-dervos\/","url":"http:\/\/gayatritreasure.com\/lt\/produktas\/damaro-aromatines-dervos\/","name":"DAMARO AROMATIN\u0116S DERVOS - Gayatri Treasure","isPartOf":{"@id":"http:\/\/gayatritreasure.com\/en_gb\/#website"},"primaryImageOfPage":{"@id":"http:\/\/gayatritreasure.com\/lt\/produktas\/damaro-aromatines-dervos\/#primaryimage"},"image":{"@id":"http:\/\/gayatritreasure.com\/lt\/produktas\/damaro-aromatines-dervos\/#primaryimage"},"thumbnailUrl":"https:\/\/gayatritreasure.com\/wp-content\/uploads\/2023\/12\/PB220142-scaled.jpg","datePublished":"2023-12-12T08:52:47+00:00","dateModified":"2025-04-09T23:15:50+00:00","description":"\u0160ie smilkalai nuostabiai pakelia nuotaik\u0105. Teigiama, kad Damaro derva ypa\u010d naudinga kovojant su li\u016bdesiu, depresija ir melancholija. Tradici\u0161kai deginamas dvasiniais ir apsivalymo tikslais.\u00a0 Pasi\u017eymi ry\u0161kiomis citrusini\u0173 vaisi\u0173, medienos, pankolio natomis.","breadcrumb":{"@id":"http:\/\/gayatritreasure.com\/lt\/produktas\/damaro-aromatines-dervos\/#breadcrumb"},"inLanguage":"lt-LT","potentialAction":[{"@type":"ReadAction","target":["http:\/\/gayatritreasure.com\/lt\/produktas\/damaro-aromatines-dervos\/"]}]},{"@type":"ImageObject","inLanguage":"lt-LT","@id":"http:\/\/gayatritreasure.com\/lt\/produktas\/damaro-aromatines-dervos\/#primaryimage","url":"https:\/\/gayatritreasure.com\/wp-content\/uploads\/2023\/12\/PB220142-scaled.jpg","contentUrl":"https:\/\/gayatritreasure.com\/wp-content\/uploads\/2023\/12\/PB220142-scaled.jpg","width":1920,"height":2560},{"@type":"BreadcrumbList","@id":"http:\/\/gayatritreasure.com\/lt\/produktas\/damaro-aromatines-dervos\/#breadcrumb","itemListElement":[{"@type":"ListItem","position":1,"name":"Home","item":"http:\/\/gayatritreasure.com\/en_gb\/"},{"@type":"ListItem","position":2,"name":"Shop","item":"http:\/\/gayatritreasure.com\/en_gb\/shop\/"},{"@type":"ListItem","position":3,"name":"DAMARO AROMATIN\u0116S DERVOS"}]},{"@type":"WebSite","@id":"http:\/\/gayatritreasure.com\/en_gb\/#website","url":"http:\/\/gayatritreasure.com\/en_gb\/","name":"Gayatri Treasure","description":"","potentialAction":[{"@type":"SearchAction","target":{"@type":"EntryPoint","urlTemplate":"http:\/\/gayatritreasure.com\/en_gb\/?s={search_term_string}"},"query-input":{"@type":"PropertyValueSpecification","valueRequired":true,"valueName":"search_term_string"}}],"inLanguage":"lt-LT"}]}},"jetpack_sharing_enabled":true,"_links":{"self":[{"href":"https:\/\/gayatritreasure.com\/lt\/wp-json\/wp\/v2\/product\/1360","targetHints":{"allow":["GET"]}}],"collection":[{"href":"https:\/\/gayatritreasure.com\/lt\/wp-json\/wp\/v2\/product"}],"about":[{"href":"https:\/\/gayatritreasure.com\/lt\/wp-json\/wp\/v2\/types\/product"}],"replies":[{"embeddable":true,"href":"https:\/\/gayatritreasure.com\/lt\/wp-json\/wp\/v2\/comments?post=1360"}],"version-history":[{"count":1,"href":"https:\/\/gayatritreasure.com\/lt\/wp-json\/wp\/v2\/product\/1360\/revisions"}],"predecessor-version":[{"id":1362,"href":"https:\/\/gayatritreasure.com\/lt\/wp-json\/wp\/v2\/product\/1360\/revisions\/1362"}],"wp:featuredmedia":[{"embeddable":true,"href":"https:\/\/gayatritreasure.com\/lt\/wp-json\/wp\/v2\/media\/1361"}],"wp:attachment":[{"href":"https:\/\/gayatritreasure.com\/lt\/wp-json\/wp\/v2\/media?parent=1360"}],"wp:term":[{"taxonomy":"product_cat","embeddable":true,"href":"https:\/\/gayatritreasure.com\/lt\/wp-json\/wp\/v2\/product_cat?post=1360"},{"taxonomy":"product_tag","embeddable":true,"href":"https:\/\/gayatritreasure.com\/lt\/wp-json\/wp\/v2\/product_tag?post=1360"}],"curies":[{"name":"wp","href":"https:\/\/api.w.org\/{rel}","templated":true}]}}