{"id":844,"date":"2023-12-01T10:43:17","date_gmt":"2023-12-01T10:43:17","guid":{"rendered":"http:\/\/5n7.9aa.mywebsitetransfer.com\/?post_type=product&#038;p=844"},"modified":"2023-12-11T14:59:06","modified_gmt":"2023-12-11T14:59:06","slug":"blue-lotus","status":"publish","type":"product","link":"https:\/\/gayatritreasure.com\/lt\/produktas\/blue-lotus\/","title":{"rendered":"M\u0117lynasis lotosas (\u017eiedai) 10g"},"content":{"rendered":"<p><b>M\u0117lynasis lotosas (lot. Nymphaea Caerulea)<\/b><\/p>\n<p>&nbsp;<\/p>\n<p><span style=\"font-weight: 400;\">\u0160is augalas, dar \u017einomas kaip Egipto vandens lelija, naudojamas tiek \u012fvairiems negalavimams mal\u0161inti, tiek ir rekreaciniais tikslais. \u017dinoma, jog m\u0117lynasis lotosas ma\u017eina skausm\u0105, gerina atmint\u012f ir kraujotak\u0105, pakelia nuotaik\u0105. Itin efektyviai \u0161is augalas mal\u0161ina raumen\u0173 spazmus, migrenos sukelt\u0105 skausm\u0105 ir spengim\u0105 ausyse. Teigiama, kad m\u0117lynasis lotosas yra toks pat stiprus kaip ir kodeinas \u2013 nat\u016bralus opijaus alkaloidas, naudojamas vaistiniuose preparatuose. Jame esan\u010dios med\u017eiagos \u201enuciferan\u201c ma\u017eina spazmus ir \u201eaporphine\u201c suteikia ramyb\u0117s poj\u016bt\u012f, ma\u017eina nerim\u0105 ir stres\u0105. M\u0117lynasis lotosas yra efektyvi priemon\u0117 siekiant palengvinti PMS simptomus tokius kaip spazmai bei nuotaik\u0173 svyravimai. Taip pat naudojamas kaip afrodiziakas, gali pad\u0117ti gydant erekcijos sutrikimus. Neretai m\u0117lynasis lotosas naudojamas ir esant vir\u0161kinimo trakto problemoms, viduriavimui ir dispepsijai.\u00a0<\/span><\/p>\n<p>&nbsp;<\/p>\n<p><span style=\"font-weight: 400;\">Taip pat vartojamas ceremoni\u0161kai, kaip \u012frankis, padedantis praktikuojant s\u0105moning\u0105 sapnavim\u0105, meditacij\u0105, norint sustiprinti intuicij\u0105.<\/span><\/p>\n<p>&nbsp;<\/p>\n<p><span style=\"font-weight: 400;\">\u00a0Vartojimas: Nor\u0117dami paruo\u0161ti \u0161\u012f augal\u0105 vartojimui, u\u017epilkine 1-2 \u017eiedus verdan\u010diu vandeniu ir palikite 10 min. V\u0117liau \u0161\u012f g\u0117rim\u0105 gerkite, o poveik\u012f tur\u0117tum\u0117te pajusti po pusvaland\u017eio. Jei norite didesnio efekto, galite \u012fd\u0117ti daugiau \u017eied\u0173.<\/span><\/p>\n<p>&nbsp;<\/p>\n<p><span style=\"font-weight: 400;\">D\u0117mesio: Nenaudoti kartu su vaistais nuo diabeto, n\u0117\u0161tumo metu, \u017eindymo laikotarpiu, ar jei esate alergi\u0161ki vandens lelijoms. D\u0117l vartojimo su kitais receptiniais vaistais pasitarkite su gydytoju.\u00a0<\/span><\/p>\n<p>&nbsp;<\/p>","protected":false},"excerpt":{"rendered":"<p>M\u0117lynasis lotosas (lot. Nymphaea Caerulea) &nbsp; \u0160is augalas, dar \u017einomas kaip Egipto vandens lelija, naudojamas tiek \u012fvairiems negalavimams mal\u0161inti, tiek ir rekreaciniais tikslais. \u017dinoma, jog m\u0117lynasis lotosas ma\u017eina skausm\u0105, gerina<\/p>","protected":false},"featured_media":1345,"comment_status":"open","ping_status":"closed","template":"","meta":{"_monsterinsights_skip_tracking":false,"_monsterinsights_sitenote_active":false,"_monsterinsights_sitenote_note":"","_monsterinsights_sitenote_category":0,"_uf_show_specific_survey":0,"_uf_disable_surveys":false},"product_cat":[88],"product_tag":[],"class_list":{"0":"post-844","1":"product","2":"type-product","3":"status-publish","4":"has-post-thumbnail","6":"product_cat-blue-lotus","8":"first","9":"instock","10":"shipping-taxable","11":"product-type-variable"},"yoast_head":"<!-- This site is optimized with the Yoast SEO plugin v27.4 - https:\/\/yoast.com\/product\/yoast-seo-wordpress\/ -->\n<title>M\u0117lynasis lotosas (\u017eiedai) 10g - Gayatri Treasure<\/title>\n<meta name=\"robots\" content=\"index, follow, max-snippet:-1, max-image-preview:large, max-video-preview:-1\" \/>\n<link rel=\"canonical\" href=\"http:\/\/gayatritreasure.com\/lt\/produktas\/blue-lotus\/\" \/>\n<meta property=\"og:locale\" content=\"lt_LT\" \/>\n<meta property=\"og:type\" content=\"article\" \/>\n<meta property=\"og:title\" content=\"M\u0117lynasis lotosas (\u017eiedai) 10g - Gayatri Treasure\" \/>\n<meta property=\"og:description\" content=\"M\u0117lynasis lotosas (lot. Nymphaea Caerulea) &nbsp; \u0160is augalas, dar \u017einomas kaip Egipto vandens lelija, naudojamas tiek \u012fvairiems negalavimams mal\u0161inti, tiek ir rekreaciniais tikslais. \u017dinoma, jog m\u0117lynasis lotosas ma\u017eina skausm\u0105, gerina\" \/>\n<meta property=\"og:url\" content=\"http:\/\/gayatritreasure.com\/lt\/produktas\/blue-lotus\/\" \/>\n<meta property=\"og:site_name\" content=\"Gayatri Treasure\" \/>\n<meta property=\"article:modified_time\" content=\"2023-12-11T14:59:06+00:00\" \/>\n<meta property=\"og:image\" content=\"http:\/\/gayatritreasure.com\/wp-content\/uploads\/2023\/12\/01-scaled.jpg\" \/>\n\t<meta property=\"og:image:width\" content=\"1829\" \/>\n\t<meta property=\"og:image:height\" content=\"2560\" \/>\n\t<meta property=\"og:image:type\" content=\"image\/jpeg\" \/>\n<meta name=\"twitter:card\" content=\"summary_large_image\" \/>\n<meta name=\"twitter:label1\" content=\"Est. reading time\" \/>\n\t<meta name=\"twitter:data1\" content=\"1 minut\u0117\" \/>\n<script type=\"application\/ld+json\" class=\"yoast-schema-graph\">{\"@context\":\"https:\\\/\\\/schema.org\",\"@graph\":[{\"@type\":\"WebPage\",\"@id\":\"http:\\\/\\\/gayatritreasure.com\\\/lt\\\/produktas\\\/blue-lotus\\\/\",\"url\":\"http:\\\/\\\/gayatritreasure.com\\\/lt\\\/produktas\\\/blue-lotus\\\/\",\"name\":\"M\u0117lynasis lotosas (\u017eiedai) 10g - Gayatri Treasure\",\"isPartOf\":{\"@id\":\"http:\\\/\\\/gayatritreasure.com\\\/lt\\\/#website\"},\"primaryImageOfPage\":{\"@id\":\"http:\\\/\\\/gayatritreasure.com\\\/lt\\\/produktas\\\/blue-lotus\\\/#primaryimage\"},\"image\":{\"@id\":\"http:\\\/\\\/gayatritreasure.com\\\/lt\\\/produktas\\\/blue-lotus\\\/#primaryimage\"},\"thumbnailUrl\":\"https:\\\/\\\/gayatritreasure.com\\\/wp-content\\\/uploads\\\/2023\\\/12\\\/01-scaled.jpg\",\"datePublished\":\"2023-12-01T10:43:17+00:00\",\"dateModified\":\"2023-12-11T14:59:06+00:00\",\"breadcrumb\":{\"@id\":\"http:\\\/\\\/gayatritreasure.com\\\/lt\\\/produktas\\\/blue-lotus\\\/#breadcrumb\"},\"inLanguage\":\"lt-LT\",\"potentialAction\":[{\"@type\":\"ReadAction\",\"target\":[\"http:\\\/\\\/gayatritreasure.com\\\/lt\\\/produktas\\\/blue-lotus\\\/\"]}]},{\"@type\":\"ImageObject\",\"inLanguage\":\"lt-LT\",\"@id\":\"http:\\\/\\\/gayatritreasure.com\\\/lt\\\/produktas\\\/blue-lotus\\\/#primaryimage\",\"url\":\"https:\\\/\\\/gayatritreasure.com\\\/wp-content\\\/uploads\\\/2023\\\/12\\\/01-scaled.jpg\",\"contentUrl\":\"https:\\\/\\\/gayatritreasure.com\\\/wp-content\\\/uploads\\\/2023\\\/12\\\/01-scaled.jpg\",\"width\":1829,\"height\":2560},{\"@type\":\"BreadcrumbList\",\"@id\":\"http:\\\/\\\/gayatritreasure.com\\\/lt\\\/produktas\\\/blue-lotus\\\/#breadcrumb\",\"itemListElement\":[{\"@type\":\"ListItem\",\"position\":1,\"name\":\"Home\",\"item\":\"http:\\\/\\\/gayatritreasure.com\\\/lt\\\/\"},{\"@type\":\"ListItem\",\"position\":2,\"name\":\"Shop\",\"item\":\"http:\\\/\\\/gayatritreasure.com\\\/en_gb\\\/shop\\\/\"},{\"@type\":\"ListItem\",\"position\":3,\"name\":\"M\u0117lynasis lotosas (\u017eiedai) 10g\"}]},{\"@type\":\"WebSite\",\"@id\":\"http:\\\/\\\/gayatritreasure.com\\\/lt\\\/#website\",\"url\":\"http:\\\/\\\/gayatritreasure.com\\\/lt\\\/\",\"name\":\"Gayatri Treasure\",\"description\":\"\",\"potentialAction\":[{\"@type\":\"SearchAction\",\"target\":{\"@type\":\"EntryPoint\",\"urlTemplate\":\"http:\\\/\\\/gayatritreasure.com\\\/lt\\\/?s={search_term_string}\"},\"query-input\":{\"@type\":\"PropertyValueSpecification\",\"valueRequired\":true,\"valueName\":\"search_term_string\"}}],\"inLanguage\":\"lt-LT\"}]}<\/script>\n<!-- \/ Yoast SEO plugin. -->","yoast_head_json":{"title":"M\u0117lynasis lotosas (\u017eiedai) 10g - Gayatri Treasure","robots":{"index":"index","follow":"follow","max-snippet":"max-snippet:-1","max-image-preview":"max-image-preview:large","max-video-preview":"max-video-preview:-1"},"canonical":"http:\/\/gayatritreasure.com\/lt\/produktas\/blue-lotus\/","og_locale":"lt_LT","og_type":"article","og_title":"M\u0117lynasis lotosas (\u017eiedai) 10g - Gayatri Treasure","og_description":"M\u0117lynasis lotosas (lot. Nymphaea Caerulea) &nbsp; \u0160is augalas, dar \u017einomas kaip Egipto vandens lelija, naudojamas tiek \u012fvairiems negalavimams mal\u0161inti, tiek ir rekreaciniais tikslais. \u017dinoma, jog m\u0117lynasis lotosas ma\u017eina skausm\u0105, gerina","og_url":"http:\/\/gayatritreasure.com\/lt\/produktas\/blue-lotus\/","og_site_name":"Gayatri Treasure","article_modified_time":"2023-12-11T14:59:06+00:00","og_image":[{"width":1829,"height":2560,"url":"http:\/\/gayatritreasure.com\/wp-content\/uploads\/2023\/12\/01-scaled.jpg","type":"image\/jpeg"}],"twitter_card":"summary_large_image","twitter_misc":{"Est. reading time":"1 minut\u0117"},"schema":{"@context":"https:\/\/schema.org","@graph":[{"@type":"WebPage","@id":"http:\/\/gayatritreasure.com\/lt\/produktas\/blue-lotus\/","url":"http:\/\/gayatritreasure.com\/lt\/produktas\/blue-lotus\/","name":"M\u0117lynasis lotosas (\u017eiedai) 10g - Gayatri Treasure","isPartOf":{"@id":"http:\/\/gayatritreasure.com\/lt\/#website"},"primaryImageOfPage":{"@id":"http:\/\/gayatritreasure.com\/lt\/produktas\/blue-lotus\/#primaryimage"},"image":{"@id":"http:\/\/gayatritreasure.com\/lt\/produktas\/blue-lotus\/#primaryimage"},"thumbnailUrl":"https:\/\/gayatritreasure.com\/wp-content\/uploads\/2023\/12\/01-scaled.jpg","datePublished":"2023-12-01T10:43:17+00:00","dateModified":"2023-12-11T14:59:06+00:00","breadcrumb":{"@id":"http:\/\/gayatritreasure.com\/lt\/produktas\/blue-lotus\/#breadcrumb"},"inLanguage":"lt-LT","potentialAction":[{"@type":"ReadAction","target":["http:\/\/gayatritreasure.com\/lt\/produktas\/blue-lotus\/"]}]},{"@type":"ImageObject","inLanguage":"lt-LT","@id":"http:\/\/gayatritreasure.com\/lt\/produktas\/blue-lotus\/#primaryimage","url":"https:\/\/gayatritreasure.com\/wp-content\/uploads\/2023\/12\/01-scaled.jpg","contentUrl":"https:\/\/gayatritreasure.com\/wp-content\/uploads\/2023\/12\/01-scaled.jpg","width":1829,"height":2560},{"@type":"BreadcrumbList","@id":"http:\/\/gayatritreasure.com\/lt\/produktas\/blue-lotus\/#breadcrumb","itemListElement":[{"@type":"ListItem","position":1,"name":"Home","item":"http:\/\/gayatritreasure.com\/lt\/"},{"@type":"ListItem","position":2,"name":"Shop","item":"http:\/\/gayatritreasure.com\/en_gb\/shop\/"},{"@type":"ListItem","position":3,"name":"M\u0117lynasis lotosas (\u017eiedai) 10g"}]},{"@type":"WebSite","@id":"http:\/\/gayatritreasure.com\/lt\/#website","url":"http:\/\/gayatritreasure.com\/lt\/","name":"Gayatri Treasure","description":"","potentialAction":[{"@type":"SearchAction","target":{"@type":"EntryPoint","urlTemplate":"http:\/\/gayatritreasure.com\/lt\/?s={search_term_string}"},"query-input":{"@type":"PropertyValueSpecification","valueRequired":true,"valueName":"search_term_string"}}],"inLanguage":"lt-LT"}]}},"jetpack_sharing_enabled":true,"_links":{"self":[{"href":"https:\/\/gayatritreasure.com\/lt\/wp-json\/wp\/v2\/product\/844","targetHints":{"allow":["GET"]}}],"collection":[{"href":"https:\/\/gayatritreasure.com\/lt\/wp-json\/wp\/v2\/product"}],"about":[{"href":"https:\/\/gayatritreasure.com\/lt\/wp-json\/wp\/v2\/types\/product"}],"replies":[{"embeddable":true,"href":"https:\/\/gayatritreasure.com\/lt\/wp-json\/wp\/v2\/comments?post=844"}],"version-history":[{"count":5,"href":"https:\/\/gayatritreasure.com\/lt\/wp-json\/wp\/v2\/product\/844\/revisions"}],"predecessor-version":[{"id":1342,"href":"https:\/\/gayatritreasure.com\/lt\/wp-json\/wp\/v2\/product\/844\/revisions\/1342"}],"wp:featuredmedia":[{"embeddable":true,"href":"https:\/\/gayatritreasure.com\/lt\/wp-json\/wp\/v2\/media\/1345"}],"wp:attachment":[{"href":"https:\/\/gayatritreasure.com\/lt\/wp-json\/wp\/v2\/media?parent=844"}],"wp:term":[{"taxonomy":"product_cat","embeddable":true,"href":"https:\/\/gayatritreasure.com\/lt\/wp-json\/wp\/v2\/product_cat?post=844"},{"taxonomy":"product_tag","embeddable":true,"href":"https:\/\/gayatritreasure.com\/lt\/wp-json\/wp\/v2\/product_tag?post=844"}],"curies":[{"name":"wp","href":"https:\/\/api.w.org\/{rel}","templated":true}]}}