{"id":922,"date":"2023-12-01T15:09:31","date_gmt":"2023-12-01T15:09:31","guid":{"rendered":"http:\/\/5n7.9aa.mywebsitetransfer.com\/?post_type=product&#038;p=922"},"modified":"2025-04-10T00:15:24","modified_gmt":"2025-04-09T23:15:24","slug":"anglis-smilkalams","status":"publish","type":"product","link":"https:\/\/gayatritreasure.com\/lt\/produktas\/anglis-smilkalams\/","title":{"rendered":"Greitai \u012fdegama anglis smilkymui \u00d8 33mm"},"content":{"rendered":"<p><span style=\"font-weight: 400;\">Pakuot\u0117je 10vnt.<\/span><\/p>\n<p><span style=\"font-weight: 400;\">Palaikius apie 10s prie liepsnos, \u012fsidega per 5-10minu\u010di\u0173 ir dega apie 1h.<\/span><\/p>","protected":false},"excerpt":{"rendered":"<p>Pakuot\u0117je 10vnt. Palaikius apie 10s prie liepsnos, \u012fsidega per 5-10minu\u010di\u0173 ir dega apie 1h.<\/p>","protected":false},"featured_media":1356,"comment_status":"open","ping_status":"closed","template":"","meta":{"_monsterinsights_skip_tracking":false,"_monsterinsights_sitenote_active":false,"_monsterinsights_sitenote_note":"","_monsterinsights_sitenote_category":0,"_uf_show_specific_survey":0,"_uf_disable_surveys":false},"product_cat":[107],"product_tag":[],"class_list":{"0":"post-922","1":"product","2":"type-product","3":"status-publish","4":"has-post-thumbnail","6":"product_cat-anglis-smilkymui","8":"first","9":"instock","10":"shipping-taxable","11":"purchasable","12":"product-type-simple"},"yoast_head":"<!-- This site is optimized with the Yoast SEO plugin v27.4 - https:\/\/yoast.com\/product\/yoast-seo-wordpress\/ -->\n<title>Greitai \u012fdegama anglis smilkymui \u00d8 33mm - Gayatri Treasure<\/title>\n<meta name=\"robots\" content=\"index, follow, max-snippet:-1, max-image-preview:large, max-video-preview:-1\" \/>\n<link rel=\"canonical\" href=\"http:\/\/gayatritreasure.com\/lt\/produktas\/anglis-smilkalams\/\" \/>\n<meta property=\"og:locale\" content=\"lt_LT\" \/>\n<meta property=\"og:type\" content=\"article\" \/>\n<meta property=\"og:title\" content=\"Greitai \u012fdegama anglis smilkymui \u00d8 33mm - Gayatri Treasure\" \/>\n<meta property=\"og:description\" content=\"Pakuot\u0117je 10vnt. Palaikius apie 10s prie liepsnos, \u012fsidega per 5-10minu\u010di\u0173 ir dega apie 1h.\" \/>\n<meta property=\"og:url\" content=\"http:\/\/gayatritreasure.com\/lt\/produktas\/anglis-smilkalams\/\" \/>\n<meta property=\"og:site_name\" content=\"Gayatri Treasure\" \/>\n<meta property=\"article:modified_time\" content=\"2025-04-09T23:15:24+00:00\" \/>\n<meta property=\"og:image\" content=\"http:\/\/gayatritreasure.com\/wp-content\/uploads\/2023\/12\/PB210014-scaled.jpg\" \/>\n\t<meta property=\"og:image:width\" content=\"1920\" \/>\n\t<meta property=\"og:image:height\" content=\"2560\" \/>\n\t<meta property=\"og:image:type\" content=\"image\/jpeg\" \/>\n<meta name=\"twitter:card\" content=\"summary_large_image\" \/>\n<meta name=\"twitter:label1\" content=\"Est. reading time\" \/>\n\t<meta name=\"twitter:data1\" content=\"1 minut\u0117\" \/>\n<script type=\"application\/ld+json\" class=\"yoast-schema-graph\">{\"@context\":\"https:\\\/\\\/schema.org\",\"@graph\":[{\"@type\":\"WebPage\",\"@id\":\"http:\\\/\\\/gayatritreasure.com\\\/en_gb\\\/product\\\/anglis-smilkalams\\\/\",\"url\":\"http:\\\/\\\/gayatritreasure.com\\\/en_gb\\\/product\\\/anglis-smilkalams\\\/\",\"name\":\"Greitai \u012fdegama anglis smilkymui \u00d8 33mm - Gayatri Treasure\",\"isPartOf\":{\"@id\":\"http:\\\/\\\/gayatritreasure.com\\\/en_gb\\\/#website\"},\"primaryImageOfPage\":{\"@id\":\"http:\\\/\\\/gayatritreasure.com\\\/en_gb\\\/product\\\/anglis-smilkalams\\\/#primaryimage\"},\"image\":{\"@id\":\"http:\\\/\\\/gayatritreasure.com\\\/en_gb\\\/product\\\/anglis-smilkalams\\\/#primaryimage\"},\"thumbnailUrl\":\"https:\\\/\\\/gayatritreasure.com\\\/wp-content\\\/uploads\\\/2023\\\/12\\\/PB210014-scaled.jpg\",\"datePublished\":\"2023-12-01T15:09:31+00:00\",\"dateModified\":\"2025-04-09T23:15:24+00:00\",\"breadcrumb\":{\"@id\":\"http:\\\/\\\/gayatritreasure.com\\\/en_gb\\\/product\\\/anglis-smilkalams\\\/#breadcrumb\"},\"inLanguage\":\"lt-LT\",\"potentialAction\":[{\"@type\":\"ReadAction\",\"target\":[\"http:\\\/\\\/gayatritreasure.com\\\/en_gb\\\/product\\\/anglis-smilkalams\\\/\"]}]},{\"@type\":\"ImageObject\",\"inLanguage\":\"lt-LT\",\"@id\":\"http:\\\/\\\/gayatritreasure.com\\\/en_gb\\\/product\\\/anglis-smilkalams\\\/#primaryimage\",\"url\":\"https:\\\/\\\/gayatritreasure.com\\\/wp-content\\\/uploads\\\/2023\\\/12\\\/PB210014-scaled.jpg\",\"contentUrl\":\"https:\\\/\\\/gayatritreasure.com\\\/wp-content\\\/uploads\\\/2023\\\/12\\\/PB210014-scaled.jpg\",\"width\":1920,\"height\":2560},{\"@type\":\"BreadcrumbList\",\"@id\":\"http:\\\/\\\/gayatritreasure.com\\\/en_gb\\\/product\\\/anglis-smilkalams\\\/#breadcrumb\",\"itemListElement\":[{\"@type\":\"ListItem\",\"position\":1,\"name\":\"Home\",\"item\":\"http:\\\/\\\/gayatritreasure.com\\\/en_gb\\\/\"},{\"@type\":\"ListItem\",\"position\":2,\"name\":\"Shop\",\"item\":\"http:\\\/\\\/gayatritreasure.com\\\/en_gb\\\/shop\\\/\"},{\"@type\":\"ListItem\",\"position\":3,\"name\":\"Greitai \u012fdegama anglis smilkymui \u00d8 33mm\"}]},{\"@type\":\"WebSite\",\"@id\":\"http:\\\/\\\/gayatritreasure.com\\\/en_gb\\\/#website\",\"url\":\"http:\\\/\\\/gayatritreasure.com\\\/en_gb\\\/\",\"name\":\"Gayatri Treasure\",\"description\":\"\",\"potentialAction\":[{\"@type\":\"SearchAction\",\"target\":{\"@type\":\"EntryPoint\",\"urlTemplate\":\"http:\\\/\\\/gayatritreasure.com\\\/en_gb\\\/?s={search_term_string}\"},\"query-input\":{\"@type\":\"PropertyValueSpecification\",\"valueRequired\":true,\"valueName\":\"search_term_string\"}}],\"inLanguage\":\"lt-LT\"}]}<\/script>\n<!-- \/ Yoast SEO plugin. -->","yoast_head_json":{"title":"Greitai \u012fdegama anglis smilkymui \u00d8 33mm - Gayatri Treasure","robots":{"index":"index","follow":"follow","max-snippet":"max-snippet:-1","max-image-preview":"max-image-preview:large","max-video-preview":"max-video-preview:-1"},"canonical":"http:\/\/gayatritreasure.com\/lt\/produktas\/anglis-smilkalams\/","og_locale":"lt_LT","og_type":"article","og_title":"Greitai \u012fdegama anglis smilkymui \u00d8 33mm - Gayatri Treasure","og_description":"Pakuot\u0117je 10vnt. Palaikius apie 10s prie liepsnos, \u012fsidega per 5-10minu\u010di\u0173 ir dega apie 1h.","og_url":"http:\/\/gayatritreasure.com\/lt\/produktas\/anglis-smilkalams\/","og_site_name":"Gayatri Treasure","article_modified_time":"2025-04-09T23:15:24+00:00","og_image":[{"width":1920,"height":2560,"url":"http:\/\/gayatritreasure.com\/wp-content\/uploads\/2023\/12\/PB210014-scaled.jpg","type":"image\/jpeg"}],"twitter_card":"summary_large_image","twitter_misc":{"Est. reading time":"1 minut\u0117"},"schema":{"@context":"https:\/\/schema.org","@graph":[{"@type":"WebPage","@id":"http:\/\/gayatritreasure.com\/en_gb\/product\/anglis-smilkalams\/","url":"http:\/\/gayatritreasure.com\/en_gb\/product\/anglis-smilkalams\/","name":"Greitai \u012fdegama anglis smilkymui \u00d8 33mm - Gayatri Treasure","isPartOf":{"@id":"http:\/\/gayatritreasure.com\/en_gb\/#website"},"primaryImageOfPage":{"@id":"http:\/\/gayatritreasure.com\/en_gb\/product\/anglis-smilkalams\/#primaryimage"},"image":{"@id":"http:\/\/gayatritreasure.com\/en_gb\/product\/anglis-smilkalams\/#primaryimage"},"thumbnailUrl":"https:\/\/gayatritreasure.com\/wp-content\/uploads\/2023\/12\/PB210014-scaled.jpg","datePublished":"2023-12-01T15:09:31+00:00","dateModified":"2025-04-09T23:15:24+00:00","breadcrumb":{"@id":"http:\/\/gayatritreasure.com\/en_gb\/product\/anglis-smilkalams\/#breadcrumb"},"inLanguage":"lt-LT","potentialAction":[{"@type":"ReadAction","target":["http:\/\/gayatritreasure.com\/en_gb\/product\/anglis-smilkalams\/"]}]},{"@type":"ImageObject","inLanguage":"lt-LT","@id":"http:\/\/gayatritreasure.com\/en_gb\/product\/anglis-smilkalams\/#primaryimage","url":"https:\/\/gayatritreasure.com\/wp-content\/uploads\/2023\/12\/PB210014-scaled.jpg","contentUrl":"https:\/\/gayatritreasure.com\/wp-content\/uploads\/2023\/12\/PB210014-scaled.jpg","width":1920,"height":2560},{"@type":"BreadcrumbList","@id":"http:\/\/gayatritreasure.com\/en_gb\/product\/anglis-smilkalams\/#breadcrumb","itemListElement":[{"@type":"ListItem","position":1,"name":"Home","item":"http:\/\/gayatritreasure.com\/en_gb\/"},{"@type":"ListItem","position":2,"name":"Shop","item":"http:\/\/gayatritreasure.com\/en_gb\/shop\/"},{"@type":"ListItem","position":3,"name":"Greitai \u012fdegama anglis smilkymui \u00d8 33mm"}]},{"@type":"WebSite","@id":"http:\/\/gayatritreasure.com\/en_gb\/#website","url":"http:\/\/gayatritreasure.com\/en_gb\/","name":"Gayatri Treasure","description":"","potentialAction":[{"@type":"SearchAction","target":{"@type":"EntryPoint","urlTemplate":"http:\/\/gayatritreasure.com\/en_gb\/?s={search_term_string}"},"query-input":{"@type":"PropertyValueSpecification","valueRequired":true,"valueName":"search_term_string"}}],"inLanguage":"lt-LT"}]}},"jetpack_sharing_enabled":true,"_links":{"self":[{"href":"https:\/\/gayatritreasure.com\/lt\/wp-json\/wp\/v2\/product\/922","targetHints":{"allow":["GET"]}}],"collection":[{"href":"https:\/\/gayatritreasure.com\/lt\/wp-json\/wp\/v2\/product"}],"about":[{"href":"https:\/\/gayatritreasure.com\/lt\/wp-json\/wp\/v2\/types\/product"}],"replies":[{"embeddable":true,"href":"https:\/\/gayatritreasure.com\/lt\/wp-json\/wp\/v2\/comments?post=922"}],"version-history":[{"count":3,"href":"https:\/\/gayatritreasure.com\/lt\/wp-json\/wp\/v2\/product\/922\/revisions"}],"predecessor-version":[{"id":1368,"href":"https:\/\/gayatritreasure.com\/lt\/wp-json\/wp\/v2\/product\/922\/revisions\/1368"}],"wp:featuredmedia":[{"embeddable":true,"href":"https:\/\/gayatritreasure.com\/lt\/wp-json\/wp\/v2\/media\/1356"}],"wp:attachment":[{"href":"https:\/\/gayatritreasure.com\/lt\/wp-json\/wp\/v2\/media?parent=922"}],"wp:term":[{"taxonomy":"product_cat","embeddable":true,"href":"https:\/\/gayatritreasure.com\/lt\/wp-json\/wp\/v2\/product_cat?post=922"},{"taxonomy":"product_tag","embeddable":true,"href":"https:\/\/gayatritreasure.com\/lt\/wp-json\/wp\/v2\/product_tag?post=922"}],"curies":[{"name":"wp","href":"https:\/\/api.w.org\/{rel}","templated":true}]}}